{"id":1047,"date":"2023-05-24T19:01:14","date_gmt":"2023-05-24T17:01:14","guid":{"rendered":"https:\/\/unilac-mahagi.org\/?page_id=1047"},"modified":"2024-06-17T10:48:29","modified_gmt":"2024-06-17T08:48:29","slug":"sciences-des-lettres-langues-et-arts","status":"publish","type":"page","link":"https:\/\/unilac-mahagi.org\/?page_id=1047","title":{"rendered":"Sciences des Lettres, Langues et Arts"},"content":{"rendered":"\t\t<div data-elementor-type=\"wp-page\" data-elementor-id=\"1047\" class=\"elementor elementor-1047\" data-elementor-post-type=\"page\">\n\t\t\t\t\t\t<section class=\"elementor-section elementor-top-section elementor-element elementor-element-a91fde2 elementor-section-boxed elementor-section-height-default elementor-section-height-default\" data-id=\"a91fde2\" data-element_type=\"section\">\n\t\t\t\t\t\t<div class=\"elementor-container elementor-column-gap-default\">\n\t\t\t\t\t<div class=\"elementor-column elementor-col-100 elementor-top-column elementor-element elementor-element-431d3a4\" data-id=\"431d3a4\" data-element_type=\"column\">\n\t\t\t<div class=\"elementor-widget-wrap elementor-element-populated\">\n\t\t\t\t\t\t<div class=\"elementor-element elementor-element-d3354ff elementor--h-position-center elementor--v-position-middle elementor-arrows-position-inside elementor-pagination-position-inside elementor-widget elementor-widget-slides\" data-id=\"d3354ff\" data-element_type=\"widget\" data-settings=\"{&quot;navigation&quot;:&quot;both&quot;,&quot;autoplay&quot;:&quot;yes&quot;,&quot;pause_on_hover&quot;:&quot;yes&quot;,&quot;pause_on_interaction&quot;:&quot;yes&quot;,&quot;autoplay_speed&quot;:5000,&quot;infinite&quot;:&quot;yes&quot;,&quot;transition&quot;:&quot;slide&quot;,&quot;transition_speed&quot;:500}\" data-widget_type=\"slides.default\">\n\t\t\t\t<div class=\"elementor-widget-container\">\n\t\t\t\t\t<div class=\"elementor-swiper\">\n\t\t\t<div class=\"elementor-slides-wrapper elementor-main-swiper swiper\" dir=\"ltr\" data-animation=\"fadeInUp\">\n\t\t\t\t<div class=\"swiper-wrapper elementor-slides\">\n\t\t\t\t\t\t\t\t\t\t<div class=\"elementor-repeater-item-10675df swiper-slide\"><div class=\"swiper-slide-bg elementor-ken-burns elementor-ken-burns--in\" role=\"img\"><\/div><div class=\"elementor-background-overlay\"><\/div><div class=\"swiper-slide-inner\" ><div class=\"swiper-slide-contents\"><div class=\"elementor-slide-heading\">DOMAINES DES<\/div><div class=\"elementor-slide-description\">Sciences des Lettres, Langues et Arts<\/div><\/div><\/div><\/div><div class=\"elementor-repeater-item-162f345 swiper-slide\"><div class=\"swiper-slide-bg elementor-ken-burns elementor-ken-burns--in\" role=\"img\"><\/div><div class=\"elementor-background-overlay\"><\/div><div class=\"swiper-slide-inner\" ><div class=\"swiper-slide-contents\"><div class=\"elementor-slide-heading\">DOMAINES DES<\/div><div class=\"elementor-slide-description\">Sciences des Lettres, Langues et Arts<\/div><\/div><\/div><\/div><div class=\"elementor-repeater-item-5a2305e swiper-slide\"><div class=\"swiper-slide-bg elementor-ken-burns elementor-ken-burns--in\" role=\"img\"><\/div><div class=\"elementor-background-overlay\"><\/div><div class=\"swiper-slide-inner\" ><div class=\"swiper-slide-contents\"><div class=\"elementor-slide-heading\">DOMAINES DES<\/div><div class=\"elementor-slide-description\">Sciences des Lettres, Langues et Arts<\/div><\/div><\/div><\/div><div class=\"elementor-repeater-item-415cf58 swiper-slide\"><div class=\"swiper-slide-bg elementor-ken-burns elementor-ken-burns--in\" role=\"img\"><\/div><div class=\"elementor-background-overlay\"><\/div><div class=\"swiper-slide-inner\" ><div class=\"swiper-slide-contents\"><div class=\"elementor-slide-heading\">DOMAINES DES<\/div><div class=\"elementor-slide-description\">Sciences des Lettres, Langues et Arts<\/div><\/div><\/div><\/div>\t\t\t\t<\/div>\n\t\t\t\t\t\t\t\t\t\t\t\t\t\t\t<div class=\"swiper-pagination\"><\/div>\n\t\t\t\t\t\t\t\t\t\t\t\t\t\t\t\t<div class=\"elementor-swiper-button elementor-swiper-button-prev\" role=\"button\" tabindex=\"0\">\n\t\t\t\t\t\t\t<i aria-hidden=\"true\" class=\"eicon-chevron-left\"><\/i>\t\t\t\t\t\t\t<span class=\"elementor-screen-only\">Previous slide<\/span>\n\t\t\t\t\t\t<\/div>\n\t\t\t\t\t\t<div class=\"elementor-swiper-button elementor-swiper-button-next\" role=\"button\" tabindex=\"0\">\n\t\t\t\t\t\t\t<i aria-hidden=\"true\" class=\"eicon-chevron-right\"><\/i>\t\t\t\t\t\t\t<span class=\"elementor-screen-only\">Next slide<\/span>\n\t\t\t\t\t\t<\/div>\n\t\t\t\t\t\t\t\t\t\t\t\t<\/div>\n\t\t<\/div>\n\t\t\t\t<\/div>\n\t\t\t\t<\/div>\n\t\t\t\t\t<\/div>\n\t\t<\/div>\n\t\t\t\t\t<\/div>\n\t\t<\/section>\n\t\t\t\t<section class=\"elementor-section elementor-top-section elementor-element elementor-element-3cbb83de elementor-section-boxed elementor-section-height-default elementor-section-height-default\" data-id=\"3cbb83de\" data-element_type=\"section\">\n\t\t\t\t\t\t<div class=\"elementor-container elementor-column-gap-default\">\n\t\t\t\t\t<div class=\"elementor-column elementor-col-50 elementor-top-column elementor-element elementor-element-5a3422b9\" data-id=\"5a3422b9\" data-element_type=\"column\">\n\t\t\t<div class=\"elementor-widget-wrap elementor-element-populated\">\n\t\t\t\t\t\t<div class=\"elementor-element elementor-element-fe0cf34 elementor-widget elementor-widget-heading\" data-id=\"fe0cf34\" data-element_type=\"widget\" data-widget_type=\"heading.default\">\n\t\t\t\t<div class=\"elementor-widget-container\">\n\t\t\t<h3 class=\"elementor-heading-title elementor-size-default\">COMP\u00c9TENCES G\u00c9N\u00c9RALES<\/h3>\t\t<\/div>\n\t\t\t\t<\/div>\n\t\t\t\t<div class=\"elementor-element elementor-element-bab2ce7 elementor-widget elementor-widget-text-editor\" data-id=\"bab2ce7\" data-element_type=\"widget\" data-widget_type=\"text-editor.default\">\n\t\t\t\t<div class=\"elementor-widget-container\">\n\t\t\t\t\t\t\t<div class=\"lesCol3\"><div class=\"per3 aos-init aos-animate\" data-aos=\"fade-up\"><h5 class=\"lll6\">Au terme de la Licence en Accueil, Protocole et Relations Publiques, les comp\u00e9tences vis\u00e9es sont :<\/h5><ul><li class=\"lll6\">Assurer des recherches scientifiques en mati\u00e8re d\u2019accueil, du protocole et de relations publiques ;<\/li><li class=\"lll6\">Ma\u00eetriser l\u2019administration des organismes publics et\/ou priv\u00e9s charg\u00e9s du d\u00e9veloppement des domaines de l\u2019accueil, du protocole, de relations publiques ;<\/li><li class=\"lll6\">Assurer la gestion et le service au sein des entreprises publiques et\/ou priv\u00e9es charg\u00e9es d\u2019offrir les produits ou activit\u00e9s relevant des domaines de l\u2019accueil, du protocole, de relations publiques.<\/li><\/ul><h5 class=\"lll61\">Au terme de la licence en Lettres et Civilisation Anglaises, les comp\u00e9tences suivantes sont vis\u00e9es :<\/h5><ul><li class=\"lll61\">Prester efficacement un service public de l\u2019Etat en ayant la culture du service de l\u2019Etat (l\u2019Int\u00e9r\u00eat g\u00e9n\u00e9ral) ;<\/li><li class=\"lll61\">Ex\u00e9cuter avec aptitude et c\u00e9l\u00e9rit\u00e9 les t\u00e2ches traditionnelles pour le bon fonctionnement de l\u2019Administration ;<\/li><li class=\"lll61\">Jouer pleinement le r\u00f4le de liaison au niveau de l\u2019entit\u00e9 locale en vue de permettre aux administr\u00e9s d\u2019avoir des r\u00e9ponses \u00e0 leurs d\u00e9sid\u00e9ratas.<\/li><\/ul><h5 class=\"lll61\">Au terme de la LSP, les comp\u00e9tences vis\u00e9es sont :<\/h5><ul><li class=\"lll61\">Capacit\u00e9 de communiquer efficacement en anglais oral et \u00e9crit ;<\/li><li class=\"lll61\">Maitriser \u00e0 fond le fonctionnement et tous les aspects de la langue anglaises ;<\/li><li class=\"lll61\">Interpr\u00e9ter valablement le fond culturel et litt\u00e9raire qui sous-tend les soci\u00e9t\u00e9s anglo-saxonnes dans leur diversit\u00e9 ;<\/li><li class=\"lll61\">Utiliser les comp\u00e9tences linguistiques acquises pour mener \u00e0 bien les travaux de traduction et d\u2019interpr\u00e9tariat de l\u2019anglais vers une autre langue \u00e9trang\u00e8re ou locale cible, et vice versa;<\/li><li class=\"lll61\">Utiliser efficacement les capacit\u00e9s et langue anglaise dans la gestion et l\u2019organisation des m\u00e9tiers \u00e0 fort usage de l\u2019anglais, telles que le tourisme, l\u2019h\u00f4tellerie, le voyage, la diplomatie, les agences internationales, les affaires, etc..<\/li><\/ul><\/div><\/div>\t\t\t\t\t\t<\/div>\n\t\t\t\t<\/div>\n\t\t\t\t<div class=\"elementor-element elementor-element-79b428db elementor-widget elementor-widget-heading\" data-id=\"79b428db\" data-element_type=\"widget\" data-widget_type=\"heading.default\">\n\t\t\t\t<div class=\"elementor-widget-container\">\n\t\t\t<h3 class=\"elementor-heading-title elementor-size-default\">M\u00c9TIERS CIBLES<\/h3>\t\t<\/div>\n\t\t\t\t<\/div>\n\t\t\t\t<div class=\"elementor-element elementor-element-1e2546f6 elementor-widget elementor-widget-elementskit-accordion\" data-id=\"1e2546f6\" data-element_type=\"widget\" data-widget_type=\"elementskit-accordion.default\">\n\t\t\t\t<div class=\"elementor-widget-container\">\n\t\t\t<div class=\"ekit-wid-con\" >\n        <div class=\"elementskit-accordion accoedion-primary side-curve\" id=\"accordion-69ff30b8a814e\">\n\n            \n                <div class=\"elementskit-card active\">\n                    <div class=\"elementskit-card-header\" id=\"primaryHeading-0-1e2546f6\">\n                        <a href=\"#collapse-5259fc069ff30b8a814e\" class=\"ekit-accordion--toggler elementskit-btn-link collapsed\" data-ekit-toggle=\"collapse\" data-target=\"#Collapse-5259fc069ff30b8a814e\" aria-expanded=\"true\" aria-controls=\"Collapse-5259fc069ff30b8a814e\">\n                            \n                                <span class=\"number\"><\/span>\n\n                            \n                            <span class=\"ekit-accordion-title\">Le dipl\u00f4me de licence en Lettres et Civilisation Anglaises ouvre la voie aux m\u00e9tiers tels que :<\/span>\n\n                            \n                                <div class=\"ekit_accordion_icon_group\">\n                                    <div class=\"ekit_accordion_normal_icon\">\n                                        <!-- Normal Icon -->\n\t\t\t\t\t\t\t\t\t\t<i class=\"mdi mdi-plus-circle\"><\/i>                                    <\/div>\n\n                                    <div class=\"ekit_accordion_active_icon\">\n                                        <!-- Active Icon -->\n\t\t\t\t\t\t\t\t\t\t<i class=\"mdi mdi-minus-circle\"><\/i>                                    <\/div>\n                                <\/div>\n\n                            \n                                                    <\/a>\n                    <\/div>\n\n                    <div id=\"Collapse-5259fc069ff30b8a814e\" class=\" show collapse\" aria-labelledby=\"primaryHeading-0-1e2546f6\" data-parent=\"#accordion-69ff30b8a814e\">\n\n                        <div class=\"elementskit-card-body ekit-accordion--content\">\n                            <ul class=\"lll8 aos-init aos-animate\"><li>Traducteur\/Interpr\u00e8te (jure, free-lance, sp\u00e9cialis\u00e9) des textes et discours anglais en d\u2019autres langues \u00e9trang\u00e8res ou locales au choix, et vice-versa.<\/li><li>Enseignant\/professeur\/inspecteur d\u2019anglais dans le secondaire ;<\/li><\/ul><p class=\"lll8 aos-init aos-animate\">\u00a0<\/p>                        <\/div>\n\n                    <\/div>\n\n                <\/div><!-- .elementskit-card END -->\n\n                \n                <div class=\"elementskit-card \">\n                    <div class=\"elementskit-card-header\" id=\"primaryHeading-1-1e2546f6\">\n                        <a href=\"#collapse-0e6e55969ff30b8a814e\" class=\"ekit-accordion--toggler elementskit-btn-link collapsed\" data-ekit-toggle=\"collapse\" data-target=\"#Collapse-0e6e55969ff30b8a814e\" aria-expanded=\"false\" aria-controls=\"Collapse-0e6e55969ff30b8a814e\">\n                            \n                                <span class=\"number\"><\/span>\n\n                            \n                            <span class=\"ekit-accordion-title\">Le dipl\u00f4me de Licence en Accueil, Protocole et Relations Publiques ouvre la voie aux m\u00e9tiers tels que :<\/span>\n\n                            \n                                <div class=\"ekit_accordion_icon_group\">\n                                    <div class=\"ekit_accordion_normal_icon\">\n                                        <!-- Normal Icon -->\n\t\t\t\t\t\t\t\t\t\t<i class=\"mdi mdi-plus-circle\"><\/i>                                    <\/div>\n\n                                    <div class=\"ekit_accordion_active_icon\">\n                                        <!-- Active Icon -->\n\t\t\t\t\t\t\t\t\t\t<i class=\"mdi mdi-minus-circle\"><\/i>                                    <\/div>\n                                <\/div>\n\n                            \n                                                    <\/a>\n                    <\/div>\n\n                    <div id=\"Collapse-0e6e55969ff30b8a814e\" class=\" collapse\" aria-labelledby=\"primaryHeading-1-1e2546f6\" data-parent=\"#accordion-69ff30b8a814e\">\n\n                        <div class=\"elementskit-card-body ekit-accordion--content\">\n                            <ul class=\"lll8 aos-init aos-animate\"><li><ul class=\"lll8 aos-init aos-animate\">Agent de protocole ;<\/ul><\/li><\/ul><ul class=\"lll8 aos-init aos-animate\"><li><ul class=\"lll8 aos-init aos-animate\">Pr\u00e9pos\u00e9 \u00e0 l\u2019accueil ;<\/ul><\/li><\/ul><ul class=\"lll8 aos-init aos-animate\"><li><ul class=\"lll8 aos-init aos-animate\">Pr\u00e9pos\u00e9 au protocole ;<\/ul><\/li><\/ul><ul class=\"lll8 aos-init aos-animate\"><li><ul class=\"lll8 aos-init aos-animate\">Agent de relations publiques ;<\/ul><\/li><\/ul><ul class=\"lll8 aos-init aos-animate\"><li><ul class=\"lll8 aos-init aos-animate\">Agent de communication ;<\/ul><\/li><\/ul><ul class=\"lll8 aos-init aos-animate\"><li><ul class=\"lll8 aos-init aos-animate\">Guest relation ;<\/ul><\/li><\/ul><ul class=\"lll8 aos-init aos-animate\"><li><ul class=\"lll8 aos-init aos-animate\">Standardiste ;<\/ul><\/li><\/ul><ul class=\"lll8 aos-init aos-animate\"><li><ul class=\"lll8 aos-init aos-animate\">H\u00f4tesse ou Steward d\u2019accueil ;<\/ul><\/li><\/ul><ul class=\"lll8 aos-init aos-animate\"><li><ul class=\"lll8 aos-init aos-animate\">H\u00f4tesse ou Steward de l\u2019air ;<\/ul><\/li><li>\u00a0H\u00f4tesse \u00e9v\u00e9nementielle ou Steward \u00e9v\u00e9nementiel ;<\/li><li>H\u00f4tesse ou Steward particulier(i\u00e8re) ;<\/li><\/ul><p>\u00a0<\/p>                        <\/div>\n\n                    <\/div>\n\n                <\/div><!-- .elementskit-card END -->\n\n                                        <\/div>\n    <\/div>\t\t<\/div>\n\t\t\t\t<\/div>\n\t\t\t\t\t<\/div>\n\t\t<\/div>\n\t\t\t\t<div class=\"elementor-column elementor-col-50 elementor-top-column elementor-element elementor-element-720ea5d9\" data-id=\"720ea5d9\" data-element_type=\"column\">\n\t\t\t<div class=\"elementor-widget-wrap elementor-element-populated\">\n\t\t\t\t\t\t<section class=\"elementor-section elementor-inner-section elementor-element elementor-element-7f9aef88 elementor-section-full_width elementor-section-height-default elementor-section-height-default\" data-id=\"7f9aef88\" data-element_type=\"section\" data-settings=\"{&quot;background_background&quot;:&quot;classic&quot;,&quot;sticky&quot;:&quot;top&quot;,&quot;sticky_offset&quot;:100,&quot;sticky_effects_offset&quot;:100,&quot;sticky_parent&quot;:&quot;yes&quot;,&quot;sticky_on&quot;:[&quot;desktop&quot;,&quot;tablet&quot;,&quot;mobile&quot;]}\">\n\t\t\t\t\t\t<div class=\"elementor-container elementor-column-gap-default\">\n\t\t\t\t\t<div class=\"elementor-column elementor-col-100 elementor-inner-column elementor-element elementor-element-2a022c6f\" data-id=\"2a022c6f\" data-element_type=\"column\">\n\t\t\t<div class=\"elementor-widget-wrap elementor-element-populated\">\n\t\t\t\t\t\t<div class=\"elementor-element elementor-element-17eff7e1 elementor-widget elementor-widget-heading\" data-id=\"17eff7e1\" data-element_type=\"widget\" data-widget_type=\"heading.default\">\n\t\t\t\t<div class=\"elementor-widget-container\">\n\t\t\t<h5 class=\"elementor-heading-title elementor-size-default\">S.A.D<\/h5>\t\t<\/div>\n\t\t\t\t<\/div>\n\t\t\t\t<div class=\"elementor-element elementor-element-c6937d8 elementor-position-left elementor-vertical-align-bottom elementor-widget elementor-widget-image-box\" data-id=\"c6937d8\" data-element_type=\"widget\" data-widget_type=\"image-box.default\">\n\t\t\t\t<div class=\"elementor-widget-container\">\n\t\t\t<div class=\"elementor-image-box-wrapper\"><figure class=\"elementor-image-box-img\"><img fetchpriority=\"high\" decoding=\"async\" width=\"2560\" height=\"2433\" src=\"https:\/\/unilac-mahagi.org\/wp-content\/uploads\/2023\/05\/fac-lettre-scaled.jpg\" class=\"attachment-full size-full wp-image-341\" alt=\"\" srcset=\"https:\/\/unilac-mahagi.org\/wp-content\/uploads\/2023\/05\/fac-lettre-scaled.jpg 2560w, https:\/\/unilac-mahagi.org\/wp-content\/uploads\/2023\/05\/fac-lettre-300x285.jpg 300w, https:\/\/unilac-mahagi.org\/wp-content\/uploads\/2023\/05\/fac-lettre-1024x973.jpg 1024w, https:\/\/unilac-mahagi.org\/wp-content\/uploads\/2023\/05\/fac-lettre-768x730.jpg 768w, https:\/\/unilac-mahagi.org\/wp-content\/uploads\/2023\/05\/fac-lettre-1536x1460.jpg 1536w, https:\/\/unilac-mahagi.org\/wp-content\/uploads\/2023\/05\/fac-lettre-2048x1947.jpg 2048w, https:\/\/unilac-mahagi.org\/wp-content\/uploads\/2023\/05\/fac-lettre-600x570.jpg 600w\" sizes=\"(max-width: 2560px) 100vw, 2560px\" \/><\/figure><div class=\"elementor-image-box-content\"><div class=\"elementor-image-box-title\">CT.Celestin UPARTHO<\/div><p class=\"elementor-image-box-description\">Secr\u00e9taire Acad\u00e9mique de Domaine<\/p><\/div><\/div>\t\t<\/div>\n\t\t\t\t<\/div>\n\t\t\t\t<div class=\"elementor-element elementor-element-29c6a618 elementor-widget elementor-widget-heading\" data-id=\"29c6a618\" data-element_type=\"widget\" data-widget_type=\"heading.default\">\n\t\t\t\t<div class=\"elementor-widget-container\">\n\t\t\t<h5 class=\"elementor-heading-title elementor-size-default\">FILI\u00c8RES ORGANIS\u00c9ES 2022-2023<\/h5>\t\t<\/div>\n\t\t\t\t<\/div>\n\t\t\t\t<div class=\"elementor-element elementor-element-3e551063 elementor-icon-list--layout-traditional elementor-list-item-link-full_width elementor-widget elementor-widget-icon-list\" data-id=\"3e551063\" data-element_type=\"widget\" data-widget_type=\"icon-list.default\">\n\t\t\t\t<div class=\"elementor-widget-container\">\n\t\t\t\t\t<ul class=\"elementor-icon-list-items\">\n\t\t\t\t\t\t\t<li class=\"elementor-icon-list-item\">\n\t\t\t\t\t\t\t\t\t\t\t<span class=\"elementor-icon-list-icon\">\n\t\t\t\t\t\t\t<i aria-hidden=\"true\" class=\"fas fa-check\"><\/i>\t\t\t\t\t\t<\/span>\n\t\t\t\t\t\t\t\t\t\t<span class=\"elementor-icon-list-text\">Licence en Tourisme et H\u00f4tellerie<\/span>\n\t\t\t\t\t\t\t\t\t<\/li>\n\t\t\t\t\t\t\t\t<li class=\"elementor-icon-list-item\">\n\t\t\t\t\t\t\t\t\t\t\t<span class=\"elementor-icon-list-icon\">\n\t\t\t\t\t\t\t<i aria-hidden=\"true\" class=\"fas fa-check\"><\/i>\t\t\t\t\t\t<\/span>\n\t\t\t\t\t\t\t\t\t\t<span class=\"elementor-icon-list-text\">Licence en Lettres et Sciences Humaines<\/span>\n\t\t\t\t\t\t\t\t\t<\/li>\n\t\t\t\t\t\t\t\t<li class=\"elementor-icon-list-item\">\n\t\t\t\t\t\t\t\t\t\t\t<span class=\"elementor-icon-list-icon\">\n\t\t\t\t\t\t\t<i aria-hidden=\"true\" class=\"fas fa-check\"><\/i>\t\t\t\t\t\t<\/span>\n\t\t\t\t\t\t\t\t\t\t<span class=\"elementor-icon-list-text\">Master en Lettres et civilisations anglaises<\/span>\n\t\t\t\t\t\t\t\t\t<\/li>\n\t\t\t\t\t\t\t\t<li class=\"elementor-icon-list-item\">\n\t\t\t\t\t\t\t\t\t\t\t<span class=\"elementor-icon-list-icon\">\n\t\t\t\t\t\t\t<i aria-hidden=\"true\" class=\"fas fa-check\"><\/i>\t\t\t\t\t\t<\/span>\n\t\t\t\t\t\t\t\t\t\t<span class=\"elementor-icon-list-text\">Master en Techniques des services h\u00f4teliers et assimil\u00e9s<\/span>\n\t\t\t\t\t\t\t\t\t<\/li>\n\t\t\t\t\t\t<\/ul>\n\t\t\t\t<\/div>\n\t\t\t\t<\/div>\n\t\t\t\t<div class=\"elementor-element elementor-element-4b124ee elementor-widget elementor-widget-jkit_button\" data-id=\"4b124ee\" data-element_type=\"widget\" data-widget_type=\"jkit_button.default\">\n\t\t\t\t<div class=\"elementor-widget-container\">\n\t\t\t<div  class=\"jeg-elementor-kit jkit-button  icon-position-before jeg_module___69ff30b8ac15f\" ><a href=\"\" class=\"jkit-button-wrapper\">Programme des Cours<\/a><\/div>\t\t<\/div>\n\t\t\t\t<\/div>\n\t\t\t\t\t<\/div>\n\t\t<\/div>\n\t\t\t\t\t<\/div>\n\t\t<\/section>\n\t\t\t\t\t<\/div>\n\t\t<\/div>\n\t\t\t\t\t<\/div>\n\t\t<\/section>\n\t\t\t\t<section class=\"elementor-section elementor-top-section elementor-element elementor-element-12e99b37 elementor-section-boxed elementor-section-height-default elementor-section-height-default\" data-id=\"12e99b37\" data-element_type=\"section\" data-settings=\"{&quot;background_background&quot;:&quot;classic&quot;}\">\n\t\t\t\t\t\t\t<div class=\"elementor-background-overlay\"><\/div>\n\t\t\t\t\t\t\t<div class=\"elementor-container elementor-column-gap-default\">\n\t\t\t\t\t<div class=\"elementor-column elementor-col-100 elementor-top-column elementor-element elementor-element-35ca8aec elementor-invisible\" data-id=\"35ca8aec\" data-element_type=\"column\" data-settings=\"{&quot;animation&quot;:&quot;fadeInUp&quot;}\">\n\t\t\t<div class=\"elementor-widget-wrap elementor-element-populated\">\n\t\t\t\t\t\t<div class=\"elementor-element elementor-element-6b926b46 elementor-widget__width-initial elementor-widget elementor-widget-heading\" data-id=\"6b926b46\" data-element_type=\"widget\" data-widget_type=\"heading.default\">\n\t\t\t\t<div class=\"elementor-widget-container\">\n\t\t\t<h2 class=\"elementor-heading-title elementor-size-default\">Commencez votre voyage d'apprentissage d\u00e8s aujourd'hui ! Inscrivez-vous d\u00e8s maintenant en ligne.<\/h2>\t\t<\/div>\n\t\t\t\t<\/div>\n\t\t\t\t<div class=\"elementor-element elementor-element-3eb88ce5 elementor-align-center elementor-widget elementor-widget-button\" data-id=\"3eb88ce5\" data-element_type=\"widget\" data-widget_type=\"button.default\">\n\t\t\t\t<div class=\"elementor-widget-container\">\n\t\t\t\t\t\t\t<div class=\"elementor-button-wrapper\">\n\t\t\t\t\t<a class=\"elementor-button elementor-button-link elementor-size-md\" href=\"https:\/\/myunilac.online\/application\" target=\"_blank\" rel=\"noopener\">\n\t\t\t\t\t\t<span class=\"elementor-button-content-wrapper\">\n\t\t\t\t\t\t\t\t\t<span class=\"elementor-button-text\">Inscrivez Vous Maintenant<\/span>\n\t\t\t\t\t<\/span>\n\t\t\t\t\t<\/a>\n\t\t\t\t<\/div>\n\t\t\t\t\t\t<\/div>\n\t\t\t\t<\/div>\n\t\t\t\t\t<\/div>\n\t\t<\/div>\n\t\t\t\t\t<\/div>\n\t\t<\/section>\n\t\t\t\t<\/div>\n\t\t\n    <div class=\"xs_social_share_widget xs_share_url after_content \t\tmain_content  wslu-style-1 wslu-share-box-shaped wslu-fill-colored wslu-none wslu-share-horizontal wslu-theme-font-no wslu-main_content\">\n\n\t\t\n        <ul>\n\t\t\t        <\/ul>\n    <\/div> \n","protected":false},"excerpt":{"rendered":"<p>DOMAINES DESSciences des Lettres, Langues et ArtsDOMAINES DESSciences des Lettres, Langues et ArtsDOMAINES DESSciences des Lettres, Langues et ArtsDOMAINES DESSciences des Lettres, Langues et Arts Previous slide Next slide COMP\u00c9TENCES G\u00c9N\u00c9RALES Au terme de la Licence en Accueil, Protocole et Relations Publiques, les comp\u00e9tences vis\u00e9es sont : Assurer des recherches scientifiques en mati\u00e8re d\u2019accueil, du&#8230;<\/p>\n","protected":false},"author":1,"featured_media":0,"parent":539,"menu_order":0,"comment_status":"closed","ping_status":"closed","template":"elementor_header_footer","meta":{"_eb_attr":"","om_disable_all_campaigns":false,"_monsterinsights_skip_tracking":false,"_monsterinsights_sitenote_active":false,"_monsterinsights_sitenote_note":"","_monsterinsights_sitenote_category":0,"footnotes":""},"class_list":["post-1047","page","type-page","status-publish","hentry"],"_links":{"self":[{"href":"https:\/\/unilac-mahagi.org\/index.php?rest_route=\/wp\/v2\/pages\/1047","targetHints":{"allow":["GET"]}}],"collection":[{"href":"https:\/\/unilac-mahagi.org\/index.php?rest_route=\/wp\/v2\/pages"}],"about":[{"href":"https:\/\/unilac-mahagi.org\/index.php?rest_route=\/wp\/v2\/types\/page"}],"author":[{"embeddable":true,"href":"https:\/\/unilac-mahagi.org\/index.php?rest_route=\/wp\/v2\/users\/1"}],"replies":[{"embeddable":true,"href":"https:\/\/unilac-mahagi.org\/index.php?rest_route=%2Fwp%2Fv2%2Fcomments&post=1047"}],"version-history":[{"count":10,"href":"https:\/\/unilac-mahagi.org\/index.php?rest_route=\/wp\/v2\/pages\/1047\/revisions"}],"predecessor-version":[{"id":2599,"href":"https:\/\/unilac-mahagi.org\/index.php?rest_route=\/wp\/v2\/pages\/1047\/revisions\/2599"}],"up":[{"embeddable":true,"href":"https:\/\/unilac-mahagi.org\/index.php?rest_route=\/wp\/v2\/pages\/539"}],"wp:attachment":[{"href":"https:\/\/unilac-mahagi.org\/index.php?rest_route=%2Fwp%2Fv2%2Fmedia&parent=1047"}],"curies":[{"name":"wp","href":"https:\/\/api.w.org\/{rel}","templated":true}]}}