{"id":1046,"date":"2023-05-24T19:01:07","date_gmt":"2023-05-24T17:01:07","guid":{"rendered":"https:\/\/unilac-mahagi.org\/?page_id=1046"},"modified":"2024-06-17T10:31:16","modified_gmt":"2024-06-17T08:31:16","slug":"sciences-de-lhomme-et-de-la-societe","status":"publish","type":"page","link":"https:\/\/unilac-mahagi.org\/?page_id=1046","title":{"rendered":"Sciences de l\u2019Homme et de la Soci\u00e9t\u00e9"},"content":{"rendered":"\t\t<div data-elementor-type=\"wp-page\" data-elementor-id=\"1046\" class=\"elementor elementor-1046\" data-elementor-post-type=\"page\">\n\t\t\t\t\t\t<section class=\"elementor-section elementor-top-section elementor-element elementor-element-a91fde2 elementor-section-boxed elementor-section-height-default elementor-section-height-default\" data-id=\"a91fde2\" data-element_type=\"section\">\n\t\t\t\t\t\t<div class=\"elementor-container elementor-column-gap-default\">\n\t\t\t\t\t<div class=\"elementor-column elementor-col-100 elementor-top-column elementor-element elementor-element-431d3a4\" data-id=\"431d3a4\" data-element_type=\"column\">\n\t\t\t<div class=\"elementor-widget-wrap elementor-element-populated\">\n\t\t\t\t\t\t<div class=\"elementor-element elementor-element-d3354ff elementor--h-position-center elementor--v-position-middle elementor-arrows-position-inside elementor-pagination-position-inside elementor-widget elementor-widget-slides\" data-id=\"d3354ff\" data-element_type=\"widget\" data-settings=\"{&quot;navigation&quot;:&quot;both&quot;,&quot;autoplay&quot;:&quot;yes&quot;,&quot;pause_on_hover&quot;:&quot;yes&quot;,&quot;pause_on_interaction&quot;:&quot;yes&quot;,&quot;autoplay_speed&quot;:5000,&quot;infinite&quot;:&quot;yes&quot;,&quot;transition&quot;:&quot;slide&quot;,&quot;transition_speed&quot;:500}\" data-widget_type=\"slides.default\">\n\t\t\t\t<div class=\"elementor-widget-container\">\n\t\t\t\t\t<div class=\"elementor-swiper\">\n\t\t\t<div class=\"elementor-slides-wrapper elementor-main-swiper swiper\" dir=\"ltr\" data-animation=\"fadeInUp\">\n\t\t\t\t<div class=\"swiper-wrapper elementor-slides\">\n\t\t\t\t\t\t\t\t\t\t<div class=\"elementor-repeater-item-304e14a swiper-slide\"><div class=\"swiper-slide-bg elementor-ken-burns elementor-ken-burns--in\" role=\"img\"><\/div><div class=\"elementor-background-overlay\"><\/div><div class=\"swiper-slide-inner\" ><div class=\"swiper-slide-contents\"><div class=\"elementor-slide-heading\">DOMAINES DES<\/div><div class=\"elementor-slide-description\">Sciences de l'Homme et de la Soci\u00e9t\u00e9<\/div><\/div><\/div><\/div><div class=\"elementor-repeater-item-4f46f26 swiper-slide\"><div class=\"swiper-slide-bg elementor-ken-burns elementor-ken-burns--in\" role=\"img\"><\/div><div class=\"elementor-background-overlay\"><\/div><div class=\"swiper-slide-inner\" ><div class=\"swiper-slide-contents\"><div class=\"elementor-slide-heading\">DOMAINES DES<\/div><div class=\"elementor-slide-description\">Sciences de l'Homme et de la Soci\u00e9t\u00e9<\/div><\/div><\/div><\/div><div class=\"elementor-repeater-item-edf57c2 swiper-slide\"><div class=\"swiper-slide-bg elementor-ken-burns elementor-ken-burns--in\" role=\"img\"><\/div><div class=\"elementor-background-overlay\"><\/div><div class=\"swiper-slide-inner\" ><div class=\"swiper-slide-contents\"><div class=\"elementor-slide-heading\">DOMAINES DES<\/div><div class=\"elementor-slide-description\">Sciences de l'Homme et de la Soci\u00e9t\u00e9<\/div><\/div><\/div><\/div><div class=\"elementor-repeater-item-93f5479 swiper-slide\"><div class=\"swiper-slide-bg elementor-ken-burns elementor-ken-burns--in\" role=\"img\"><\/div><div class=\"elementor-background-overlay\"><\/div><div class=\"swiper-slide-inner\" ><div class=\"swiper-slide-contents\"><div class=\"elementor-slide-heading\">DOMAINES DES<\/div><div class=\"elementor-slide-description\">Sciences de l'Homme et de la Soci\u00e9t\u00e9<\/div><\/div><\/div><\/div><div class=\"elementor-repeater-item-6b2e691 swiper-slide\"><div class=\"swiper-slide-bg elementor-ken-burns elementor-ken-burns--in\" role=\"img\"><\/div><div class=\"elementor-background-overlay\"><\/div><div class=\"swiper-slide-inner\" ><div class=\"swiper-slide-contents\"><div class=\"elementor-slide-heading\">DOMAINES DES<\/div><div class=\"elementor-slide-description\">Sciences de l'Homme et de la Soci\u00e9t\u00e9<\/div><\/div><\/div><\/div>\t\t\t\t<\/div>\n\t\t\t\t\t\t\t\t\t\t\t\t\t\t\t<div class=\"swiper-pagination\"><\/div>\n\t\t\t\t\t\t\t\t\t\t\t\t\t\t\t\t<div class=\"elementor-swiper-button elementor-swiper-button-prev\" role=\"button\" tabindex=\"0\">\n\t\t\t\t\t\t\t<i aria-hidden=\"true\" class=\"eicon-chevron-left\"><\/i>\t\t\t\t\t\t\t<span class=\"elementor-screen-only\">Previous slide<\/span>\n\t\t\t\t\t\t<\/div>\n\t\t\t\t\t\t<div class=\"elementor-swiper-button elementor-swiper-button-next\" role=\"button\" tabindex=\"0\">\n\t\t\t\t\t\t\t<i aria-hidden=\"true\" class=\"eicon-chevron-right\"><\/i>\t\t\t\t\t\t\t<span class=\"elementor-screen-only\">Next slide<\/span>\n\t\t\t\t\t\t<\/div>\n\t\t\t\t\t\t\t\t\t\t\t\t<\/div>\n\t\t<\/div>\n\t\t\t\t<\/div>\n\t\t\t\t<\/div>\n\t\t\t\t\t<\/div>\n\t\t<\/div>\n\t\t\t\t\t<\/div>\n\t\t<\/section>\n\t\t\t\t<section class=\"elementor-section elementor-top-section elementor-element elementor-element-3cbb83de elementor-section-boxed elementor-section-height-default elementor-section-height-default\" data-id=\"3cbb83de\" data-element_type=\"section\">\n\t\t\t\t\t\t<div class=\"elementor-container elementor-column-gap-default\">\n\t\t\t\t\t<div class=\"elementor-column elementor-col-50 elementor-top-column elementor-element elementor-element-5a3422b9\" data-id=\"5a3422b9\" data-element_type=\"column\">\n\t\t\t<div class=\"elementor-widget-wrap elementor-element-populated\">\n\t\t\t\t\t\t<div class=\"elementor-element elementor-element-fe0cf34 elementor-widget elementor-widget-heading\" data-id=\"fe0cf34\" data-element_type=\"widget\" data-widget_type=\"heading.default\">\n\t\t\t\t<div class=\"elementor-widget-container\">\n\t\t\t<h3 class=\"elementor-heading-title elementor-size-default\">COMP\u00c9TENCES G\u00c9N\u00c9RALES<\/h3>\t\t<\/div>\n\t\t\t\t<\/div>\n\t\t\t\t<div class=\"elementor-element elementor-element-bab2ce7 elementor-widget elementor-widget-text-editor\" data-id=\"bab2ce7\" data-element_type=\"widget\" data-widget_type=\"text-editor.default\">\n\t\t\t\t<div class=\"elementor-widget-container\">\n\t\t\t\t\t\t\t<h5 class=\"title1 aos-init aos-animate\" data-aos=\"fade-down\"><span style=\"font-size: 16px;\">Au terme de la LCA, les comp\u00e9tences vis\u00e9es sont :<\/span><\/h5><ul><li class=\"title1 aos-init aos-animate\" data-aos=\"fade-down\">Ma\u00eetriser les techniques de communication orale et \u00e9crite ;<\/li><li class=\"title1 aos-init aos-animate\" data-aos=\"fade-down\">Rechercher et s\u00e9lectionner l\u2019information ;<\/li><li class=\"title1 aos-init aos-animate\" data-aos=\"fade-down\">Traiter et pr\u00e9senter l\u2019information ;<\/li><li class=\"title1 aos-init aos-animate\" data-aos=\"fade-down\">R\u00e9aliser un reportage photographique ou film\u00e9 d&rsquo;un \u00e9v\u00e8nement ;<\/li><li class=\"title1 aos-init aos-animate\" data-aos=\"fade-down\">Ma\u00eetriser les genres d&rsquo;\u00e9criture adapt\u00e9s aux m\u00e9dias du web &#8211; Couvrir l&rsquo;actualit\u00e9 d&rsquo;une zone g\u00e9ographique d\u00e9termin\u00e9e ;<\/li><li class=\"title1 aos-init aos-animate\" data-aos=\"fade-down\">Traduire, condenser, \u00e9crire et s&rsquo;exprimer dans une autre langue ;<\/li><li class=\"title1 aos-init aos-animate\" data-aos=\"fade-down\">Ma\u00eetriser les logiciels sp\u00e9cialis\u00e9s de gestion d\u2019image ;<\/li><li class=\"title1 aos-init aos-animate\" data-aos=\"fade-down\">Recevoir, identifier et orienter les visiteurs ou les interlocuteurs dans le cadre d\u2019une recherche d\u2019information technique<\/li><\/ul><p>\u00a0<\/p>\t\t\t\t\t\t<\/div>\n\t\t\t\t<\/div>\n\t\t\t\t<div class=\"elementor-element elementor-element-79b428db elementor-widget elementor-widget-heading\" data-id=\"79b428db\" data-element_type=\"widget\" data-widget_type=\"heading.default\">\n\t\t\t\t<div class=\"elementor-widget-container\">\n\t\t\t<h3 class=\"elementor-heading-title elementor-size-default\">M\u00c9TIERS CIBLES<\/h3>\t\t<\/div>\n\t\t\t\t<\/div>\n\t\t\t\t<div class=\"elementor-element elementor-element-1e2546f6 elementor-widget elementor-widget-elementskit-accordion\" data-id=\"1e2546f6\" data-element_type=\"widget\" data-widget_type=\"elementskit-accordion.default\">\n\t\t\t\t<div class=\"elementor-widget-container\">\n\t\t\t<div class=\"ekit-wid-con\" >\n        <div class=\"elementskit-accordion accoedion-primary side-curve\" id=\"accordion-69f473853eb59\">\n\n            \n                <div class=\"elementskit-card active\">\n                    <div class=\"elementskit-card-header\" id=\"primaryHeading-0-1e2546f6\">\n                        <a href=\"#collapse-5259fc069f473853eb59\" class=\"ekit-accordion--toggler elementskit-btn-link collapsed\" data-ekit-toggle=\"collapse\" data-target=\"#Collapse-5259fc069f473853eb59\" aria-expanded=\"true\" aria-controls=\"Collapse-5259fc069f473853eb59\">\n                            \n                                <span class=\"number\"><\/span>\n\n                            \n                            <span class=\"ekit-accordion-title\">Le dipl\u00f4me en communication appliqu\u00e9e ouvre la voie aux m\u00e9tiers tels que<\/span>\n\n                            \n                                <div class=\"ekit_accordion_icon_group\">\n                                    <div class=\"ekit_accordion_normal_icon\">\n                                        <!-- Normal Icon -->\n\t\t\t\t\t\t\t\t\t\t<i class=\"mdi mdi-plus-circle\"><\/i>                                    <\/div>\n\n                                    <div class=\"ekit_accordion_active_icon\">\n                                        <!-- Active Icon -->\n\t\t\t\t\t\t\t\t\t\t<i class=\"mdi mdi-minus-circle\"><\/i>                                    <\/div>\n                                <\/div>\n\n                            \n                                                    <\/a>\n                    <\/div>\n\n                    <div id=\"Collapse-5259fc069f473853eb59\" class=\" show collapse\" aria-labelledby=\"primaryHeading-0-1e2546f6\" data-parent=\"#accordion-69f473853eb59\">\n\n                        <div class=\"elementskit-card-body ekit-accordion--content\">\n                            <ul class=\"lll8 aos-init aos-animate\"><li><ul class=\"lll8 aos-init aos-animate\">R\u00e9dacteur (\u00e9crit, radio, t\u00e9l\u00e9, web) ;<\/ul><\/li><li>\u00a0Assistant juridique ;<\/li><\/ul><ul class=\"lll8 aos-init aos-animate\"><li><ul class=\"lll8 aos-init aos-animate\">Journaliste reporter ;<\/ul><\/li><\/ul><ul class=\"lll8 aos-init aos-animate\"><li><ul class=\"lll8 aos-init aos-animate\">Journaliste en ligne (Web) ;<\/ul><\/li><\/ul><ul class=\"lll8 aos-init aos-animate\"><li><ul class=\"lll8 aos-init aos-animate\">Attach\u00e9 de presse ;<\/ul><\/li><\/ul><ul class=\"lll8 aos-init aos-animate\"><li><ul class=\"lll8 aos-init aos-animate\">Charg\u00e9 de communication ;<\/ul><\/li><\/ul><ul class=\"lll8 aos-init aos-animate\"><li><ul class=\"lll8 aos-init aos-animate\">Localier\/correspondant local ;<\/ul><\/li><\/ul><ul class=\"lll8 aos-init aos-animate\"><li><ul class=\"lll8 aos-init aos-animate\">Traducteur ;<\/ul><\/li><\/ul><ul class=\"lll8 aos-init aos-animate\"><li><ul class=\"lll8 aos-init aos-animate\">Interpr\u00e8te ;<\/ul><\/li><\/ul><ul class=\"lll8 aos-init aos-animate\"><li><ul class=\"lll8 aos-init aos-animate\">Agent d'accueil<\/ul><\/li><li>\u00a0Infographe.<\/li><\/ul><p class=\"lll8 aos-init aos-animate\">\u00a0<\/p>                        <\/div>\n\n                    <\/div>\n\n                <\/div><!-- .elementskit-card END -->\n\n                                        <\/div>\n    <\/div>\t\t<\/div>\n\t\t\t\t<\/div>\n\t\t\t\t\t<\/div>\n\t\t<\/div>\n\t\t\t\t<div class=\"elementor-column elementor-col-50 elementor-top-column elementor-element elementor-element-720ea5d9\" data-id=\"720ea5d9\" data-element_type=\"column\">\n\t\t\t<div class=\"elementor-widget-wrap elementor-element-populated\">\n\t\t\t\t\t\t<section class=\"elementor-section elementor-inner-section elementor-element elementor-element-7f9aef88 elementor-section-full_width elementor-section-height-default elementor-section-height-default\" data-id=\"7f9aef88\" data-element_type=\"section\" data-settings=\"{&quot;background_background&quot;:&quot;classic&quot;,&quot;sticky&quot;:&quot;top&quot;,&quot;sticky_offset&quot;:100,&quot;sticky_effects_offset&quot;:100,&quot;sticky_parent&quot;:&quot;yes&quot;,&quot;sticky_on&quot;:[&quot;desktop&quot;,&quot;tablet&quot;,&quot;mobile&quot;]}\">\n\t\t\t\t\t\t<div class=\"elementor-container elementor-column-gap-default\">\n\t\t\t\t\t<div class=\"elementor-column elementor-col-100 elementor-inner-column elementor-element elementor-element-2a022c6f\" data-id=\"2a022c6f\" data-element_type=\"column\">\n\t\t\t<div class=\"elementor-widget-wrap elementor-element-populated\">\n\t\t\t\t\t\t<div class=\"elementor-element elementor-element-17eff7e1 elementor-widget elementor-widget-heading\" data-id=\"17eff7e1\" data-element_type=\"widget\" data-widget_type=\"heading.default\">\n\t\t\t\t<div class=\"elementor-widget-container\">\n\t\t\t<h5 class=\"elementor-heading-title elementor-size-default\">S.A.D<\/h5>\t\t<\/div>\n\t\t\t\t<\/div>\n\t\t\t\t<div class=\"elementor-element elementor-element-c6937d8 elementor-position-left elementor-vertical-align-bottom elementor-widget elementor-widget-image-box\" data-id=\"c6937d8\" data-element_type=\"widget\" data-widget_type=\"image-box.default\">\n\t\t\t\t<div class=\"elementor-widget-container\">\n\t\t\t<div class=\"elementor-image-box-wrapper\"><figure class=\"elementor-image-box-img\"><img fetchpriority=\"high\" decoding=\"async\" width=\"2000\" height=\"1991\" src=\"https:\/\/unilac-mahagi.org\/wp-content\/uploads\/2023\/05\/fac-doit-.jpg\" class=\"attachment-full size-full wp-image-349\" alt=\"\" srcset=\"https:\/\/unilac-mahagi.org\/wp-content\/uploads\/2023\/05\/fac-doit-.jpg 2000w, https:\/\/unilac-mahagi.org\/wp-content\/uploads\/2023\/05\/fac-doit--300x300.jpg 300w, https:\/\/unilac-mahagi.org\/wp-content\/uploads\/2023\/05\/fac-doit--1024x1019.jpg 1024w, https:\/\/unilac-mahagi.org\/wp-content\/uploads\/2023\/05\/fac-doit--150x150.jpg 150w, https:\/\/unilac-mahagi.org\/wp-content\/uploads\/2023\/05\/fac-doit--768x765.jpg 768w, https:\/\/unilac-mahagi.org\/wp-content\/uploads\/2023\/05\/fac-doit--1536x1529.jpg 1536w, https:\/\/unilac-mahagi.org\/wp-content\/uploads\/2023\/05\/fac-doit--87x87.jpg 87w, https:\/\/unilac-mahagi.org\/wp-content\/uploads\/2023\/05\/fac-doit--600x597.jpg 600w, https:\/\/unilac-mahagi.org\/wp-content\/uploads\/2023\/05\/fac-doit--100x100.jpg 100w\" sizes=\"(max-width: 2000px) 100vw, 2000px\" \/><\/figure><div class=\"elementor-image-box-content\"><div class=\"elementor-image-box-title\">CT. DieuMer\u00e7i KAWAYU PIRANOK<\/div><p class=\"elementor-image-box-description\">Secr\u00e9taire Acad\u00e9mique de Domaine<\/p><\/div><\/div>\t\t<\/div>\n\t\t\t\t<\/div>\n\t\t\t\t<div class=\"elementor-element elementor-element-29c6a618 elementor-widget elementor-widget-heading\" data-id=\"29c6a618\" data-element_type=\"widget\" data-widget_type=\"heading.default\">\n\t\t\t\t<div class=\"elementor-widget-container\">\n\t\t\t<h5 class=\"elementor-heading-title elementor-size-default\">FILI\u00c8RES ORGANIS\u00c9ES 2022-2023<\/h5>\t\t<\/div>\n\t\t\t\t<\/div>\n\t\t\t\t<div class=\"elementor-element elementor-element-3e551063 elementor-icon-list--layout-traditional elementor-list-item-link-full_width elementor-widget elementor-widget-icon-list\" data-id=\"3e551063\" data-element_type=\"widget\" data-widget_type=\"icon-list.default\">\n\t\t\t\t<div class=\"elementor-widget-container\">\n\t\t\t\t\t<ul class=\"elementor-icon-list-items\">\n\t\t\t\t\t\t\t<li class=\"elementor-icon-list-item\">\n\t\t\t\t\t\t\t\t\t\t\t<span class=\"elementor-icon-list-icon\">\n\t\t\t\t\t\t\t<i aria-hidden=\"true\" class=\"mdi mdi-play-box\"><\/i>\t\t\t\t\t\t<\/span>\n\t\t\t\t\t\t\t\t\t\t<span class=\"elementor-icon-list-text\">Licence enSciences de l\u2019Information et de la Communication<\/span>\n\t\t\t\t\t\t\t\t\t<\/li>\n\t\t\t\t\t\t\t\t<li class=\"elementor-icon-list-item\">\n\t\t\t\t\t\t\t\t\t\t\t<span class=\"elementor-icon-list-icon\">\n\t\t\t\t\t\t\t<i aria-hidden=\"true\" class=\"mdi mdi-login-variant\"><\/i>\t\t\t\t\t\t<\/span>\n\t\t\t\t\t\t\t\t\t\t<span class=\"elementor-icon-list-text\">Master en Communication, \u00c9ducation et D\u00e9veloppement;<\/span>\n\t\t\t\t\t\t\t\t\t<\/li>\n\t\t\t\t\t\t\t\t<li class=\"elementor-icon-list-item\">\n\t\t\t\t\t\t\t\t\t\t\t<span class=\"elementor-icon-list-icon\">\n\t\t\t\t\t\t\t<i aria-hidden=\"true\" class=\"mdi mdi-cellphone-android\"><\/i>\t\t\t\t\t\t<\/span>\n\t\t\t\t\t\t\t\t\t\t<span class=\"elementor-icon-list-text\">Master en Presse information et Communication publique<\/span>\n\t\t\t\t\t\t\t\t\t<\/li>\n\t\t\t\t\t\t<\/ul>\n\t\t\t\t<\/div>\n\t\t\t\t<\/div>\n\t\t\t\t<div class=\"elementor-element elementor-element-4b124ee elementor-widget elementor-widget-jkit_button\" data-id=\"4b124ee\" data-element_type=\"widget\" data-widget_type=\"jkit_button.default\">\n\t\t\t\t<div class=\"elementor-widget-container\">\n\t\t\t<div  class=\"jeg-elementor-kit jkit-button  icon-position-before jeg_module___69f47385426d5\" ><a href=\"\" class=\"jkit-button-wrapper\">Programme des Cours<\/a><\/div>\t\t<\/div>\n\t\t\t\t<\/div>\n\t\t\t\t\t<\/div>\n\t\t<\/div>\n\t\t\t\t\t<\/div>\n\t\t<\/section>\n\t\t\t\t\t<\/div>\n\t\t<\/div>\n\t\t\t\t\t<\/div>\n\t\t<\/section>\n\t\t\t\t<section class=\"elementor-section elementor-top-section elementor-element elementor-element-12e99b37 elementor-section-boxed elementor-section-height-default elementor-section-height-default\" data-id=\"12e99b37\" data-element_type=\"section\" data-settings=\"{&quot;background_background&quot;:&quot;classic&quot;}\">\n\t\t\t\t\t\t\t<div class=\"elementor-background-overlay\"><\/div>\n\t\t\t\t\t\t\t<div class=\"elementor-container elementor-column-gap-default\">\n\t\t\t\t\t<div class=\"elementor-column elementor-col-100 elementor-top-column elementor-element elementor-element-35ca8aec elementor-invisible\" data-id=\"35ca8aec\" data-element_type=\"column\" data-settings=\"{&quot;animation&quot;:&quot;fadeInUp&quot;}\">\n\t\t\t<div class=\"elementor-widget-wrap elementor-element-populated\">\n\t\t\t\t\t\t<div class=\"elementor-element elementor-element-6b926b46 elementor-widget__width-initial elementor-widget elementor-widget-heading\" data-id=\"6b926b46\" data-element_type=\"widget\" data-widget_type=\"heading.default\">\n\t\t\t\t<div class=\"elementor-widget-container\">\n\t\t\t<h2 class=\"elementor-heading-title elementor-size-default\">Commencez votre voyage d'apprentissage d\u00e8s aujourd'hui ! Inscrivez-vous d\u00e8s maintenant en ligne.<\/h2>\t\t<\/div>\n\t\t\t\t<\/div>\n\t\t\t\t<div class=\"elementor-element elementor-element-3eb88ce5 elementor-align-center elementor-widget elementor-widget-button\" data-id=\"3eb88ce5\" data-element_type=\"widget\" data-widget_type=\"button.default\">\n\t\t\t\t<div class=\"elementor-widget-container\">\n\t\t\t\t\t\t\t<div class=\"elementor-button-wrapper\">\n\t\t\t\t\t<a class=\"elementor-button elementor-button-link elementor-size-md\" href=\"https:\/\/myunilac.online\/application\" target=\"_blank\" rel=\"noopener\">\n\t\t\t\t\t\t<span class=\"elementor-button-content-wrapper\">\n\t\t\t\t\t\t\t\t\t<span class=\"elementor-button-text\">Inscrivez Vous Maintenant<\/span>\n\t\t\t\t\t<\/span>\n\t\t\t\t\t<\/a>\n\t\t\t\t<\/div>\n\t\t\t\t\t\t<\/div>\n\t\t\t\t<\/div>\n\t\t\t\t\t<\/div>\n\t\t<\/div>\n\t\t\t\t\t<\/div>\n\t\t<\/section>\n\t\t\t\t<\/div>\n\t\t\n    <div class=\"xs_social_share_widget xs_share_url after_content \t\tmain_content  wslu-style-1 wslu-share-box-shaped wslu-fill-colored wslu-none wslu-share-horizontal wslu-theme-font-no wslu-main_content\">\n\n\t\t\n        <ul>\n\t\t\t        <\/ul>\n    <\/div> \n","protected":false},"excerpt":{"rendered":"<p>DOMAINES DESSciences de l&rsquo;Homme et de la Soci\u00e9t\u00e9DOMAINES DESSciences de l&rsquo;Homme et de la Soci\u00e9t\u00e9DOMAINES DESSciences de l&rsquo;Homme et de la Soci\u00e9t\u00e9DOMAINES DESSciences de l&rsquo;Homme et de la Soci\u00e9t\u00e9DOMAINES DESSciences de l&rsquo;Homme et de la Soci\u00e9t\u00e9 Previous slide Next slide COMP\u00c9TENCES G\u00c9N\u00c9RALES Au terme de la LCA, les comp\u00e9tences vis\u00e9es sont : Ma\u00eetriser les techniques&#8230;<\/p>\n","protected":false},"author":1,"featured_media":0,"parent":539,"menu_order":0,"comment_status":"closed","ping_status":"closed","template":"elementor_header_footer","meta":{"_eb_attr":"","om_disable_all_campaigns":false,"_monsterinsights_skip_tracking":false,"_monsterinsights_sitenote_active":false,"_monsterinsights_sitenote_note":"","_monsterinsights_sitenote_category":0,"footnotes":""},"class_list":["post-1046","page","type-page","status-publish","hentry"],"_links":{"self":[{"href":"https:\/\/unilac-mahagi.org\/index.php?rest_route=\/wp\/v2\/pages\/1046","targetHints":{"allow":["GET"]}}],"collection":[{"href":"https:\/\/unilac-mahagi.org\/index.php?rest_route=\/wp\/v2\/pages"}],"about":[{"href":"https:\/\/unilac-mahagi.org\/index.php?rest_route=\/wp\/v2\/types\/page"}],"author":[{"embeddable":true,"href":"https:\/\/unilac-mahagi.org\/index.php?rest_route=\/wp\/v2\/users\/1"}],"replies":[{"embeddable":true,"href":"https:\/\/unilac-mahagi.org\/index.php?rest_route=%2Fwp%2Fv2%2Fcomments&post=1046"}],"version-history":[{"count":10,"href":"https:\/\/unilac-mahagi.org\/index.php?rest_route=\/wp\/v2\/pages\/1046\/revisions"}],"predecessor-version":[{"id":2583,"href":"https:\/\/unilac-mahagi.org\/index.php?rest_route=\/wp\/v2\/pages\/1046\/revisions\/2583"}],"up":[{"embeddable":true,"href":"https:\/\/unilac-mahagi.org\/index.php?rest_route=\/wp\/v2\/pages\/539"}],"wp:attachment":[{"href":"https:\/\/unilac-mahagi.org\/index.php?rest_route=%2Fwp%2Fv2%2Fmedia&parent=1046"}],"curies":[{"name":"wp","href":"https:\/\/api.w.org\/{rel}","templated":true}]}}