{"id":1043,"date":"2023-05-24T19:00:35","date_gmt":"2023-05-24T17:00:35","guid":{"rendered":"https:\/\/unilac-mahagi.org\/?page_id=1043"},"modified":"2024-06-17T10:40:38","modified_gmt":"2024-06-17T08:40:38","slug":"sciences-psychologiques-et-de-leducation","status":"publish","type":"page","link":"https:\/\/unilac-mahagi.org\/?page_id=1043","title":{"rendered":"Sciences Psychologiques et de l\u2019Education"},"content":{"rendered":"\t\t<div data-elementor-type=\"wp-page\" data-elementor-id=\"1043\" class=\"elementor elementor-1043\" data-elementor-post-type=\"page\">\n\t\t\t\t\t\t<section class=\"elementor-section elementor-top-section elementor-element elementor-element-a91fde2 elementor-section-boxed elementor-section-height-default elementor-section-height-default\" data-id=\"a91fde2\" data-element_type=\"section\">\n\t\t\t\t\t\t<div class=\"elementor-container elementor-column-gap-default\">\n\t\t\t\t\t<div class=\"elementor-column elementor-col-100 elementor-top-column elementor-element elementor-element-431d3a4\" data-id=\"431d3a4\" data-element_type=\"column\">\n\t\t\t<div class=\"elementor-widget-wrap elementor-element-populated\">\n\t\t\t\t\t\t<div class=\"elementor-element elementor-element-d3354ff elementor--h-position-center elementor--v-position-middle elementor-arrows-position-inside elementor-pagination-position-inside elementor-widget elementor-widget-slides\" data-id=\"d3354ff\" data-element_type=\"widget\" data-settings=\"{&quot;navigation&quot;:&quot;both&quot;,&quot;autoplay&quot;:&quot;yes&quot;,&quot;pause_on_hover&quot;:&quot;yes&quot;,&quot;pause_on_interaction&quot;:&quot;yes&quot;,&quot;autoplay_speed&quot;:5000,&quot;infinite&quot;:&quot;yes&quot;,&quot;transition&quot;:&quot;slide&quot;,&quot;transition_speed&quot;:500}\" data-widget_type=\"slides.default\">\n\t\t\t\t<div class=\"elementor-widget-container\">\n\t\t\t\t\t<div class=\"elementor-swiper\">\n\t\t\t<div class=\"elementor-slides-wrapper elementor-main-swiper swiper\" dir=\"ltr\" data-animation=\"fadeInUp\">\n\t\t\t\t<div class=\"swiper-wrapper elementor-slides\">\n\t\t\t\t\t\t\t\t\t\t<div class=\"elementor-repeater-item-10675df swiper-slide\"><div class=\"swiper-slide-bg elementor-ken-burns elementor-ken-burns--in\" role=\"img\"><\/div><div class=\"elementor-background-overlay\"><\/div><div class=\"swiper-slide-inner\" ><div class=\"swiper-slide-contents\"><div class=\"elementor-slide-heading\">DOMAINES DES<\/div><div class=\"elementor-slide-description\">Sciences Psychologiques et de l\u2019Education<\/div><\/div><\/div><\/div><div class=\"elementor-repeater-item-e577f24 swiper-slide\"><div class=\"swiper-slide-bg elementor-ken-burns elementor-ken-burns--in\" role=\"img\"><\/div><div class=\"elementor-background-overlay\"><\/div><div class=\"swiper-slide-inner\" ><div class=\"swiper-slide-contents\"><div class=\"elementor-slide-heading\">DOMAINES DES<\/div><div class=\"elementor-slide-description\">Sciences Psychologiques et de l\u2019Education<\/div><\/div><\/div><\/div><div class=\"elementor-repeater-item-6582508 swiper-slide\"><div class=\"swiper-slide-bg elementor-ken-burns elementor-ken-burns--in\" role=\"img\"><\/div><div class=\"elementor-background-overlay\"><\/div><div class=\"swiper-slide-inner\" ><div class=\"swiper-slide-contents\"><div class=\"elementor-slide-heading\">DOMAINES DES<\/div><div class=\"elementor-slide-description\">Sciences Psychologiques et de l\u2019Education<\/div><\/div><\/div><\/div><div class=\"elementor-repeater-item-c0de65d swiper-slide\"><div class=\"swiper-slide-bg elementor-ken-burns elementor-ken-burns--in\" role=\"img\"><\/div><div class=\"elementor-background-overlay\"><\/div><div class=\"swiper-slide-inner\" ><div class=\"swiper-slide-contents\"><div class=\"elementor-slide-heading\">DOMAINES DES<\/div><div class=\"elementor-slide-description\">Sciences Psychologiques et de l\u2019Education<\/div><\/div><\/div><\/div><div class=\"elementor-repeater-item-444dff8 swiper-slide\"><div class=\"swiper-slide-bg elementor-ken-burns elementor-ken-burns--in\" role=\"img\"><\/div><div class=\"elementor-background-overlay\"><\/div><div class=\"swiper-slide-inner\" ><div class=\"swiper-slide-contents\"><div class=\"elementor-slide-heading\">DOMAINES DES<\/div><div class=\"elementor-slide-description\">Sciences Psychologiques et de l\u2019Education<\/div><\/div><\/div><\/div>\t\t\t\t<\/div>\n\t\t\t\t\t\t\t\t\t\t\t\t\t\t\t<div class=\"swiper-pagination\"><\/div>\n\t\t\t\t\t\t\t\t\t\t\t\t\t\t\t\t<div class=\"elementor-swiper-button elementor-swiper-button-prev\" role=\"button\" tabindex=\"0\">\n\t\t\t\t\t\t\t<i aria-hidden=\"true\" class=\"eicon-chevron-left\"><\/i>\t\t\t\t\t\t\t<span class=\"elementor-screen-only\">Previous slide<\/span>\n\t\t\t\t\t\t<\/div>\n\t\t\t\t\t\t<div class=\"elementor-swiper-button elementor-swiper-button-next\" role=\"button\" tabindex=\"0\">\n\t\t\t\t\t\t\t<i aria-hidden=\"true\" class=\"eicon-chevron-right\"><\/i>\t\t\t\t\t\t\t<span class=\"elementor-screen-only\">Next slide<\/span>\n\t\t\t\t\t\t<\/div>\n\t\t\t\t\t\t\t\t\t\t\t\t<\/div>\n\t\t<\/div>\n\t\t\t\t<\/div>\n\t\t\t\t<\/div>\n\t\t\t\t\t<\/div>\n\t\t<\/div>\n\t\t\t\t\t<\/div>\n\t\t<\/section>\n\t\t\t\t<section class=\"elementor-section elementor-top-section elementor-element elementor-element-3cbb83de elementor-section-boxed elementor-section-height-default elementor-section-height-default\" data-id=\"3cbb83de\" data-element_type=\"section\">\n\t\t\t\t\t\t<div class=\"elementor-container elementor-column-gap-default\">\n\t\t\t\t\t<div class=\"elementor-column elementor-col-50 elementor-top-column elementor-element elementor-element-5a3422b9\" data-id=\"5a3422b9\" data-element_type=\"column\">\n\t\t\t<div class=\"elementor-widget-wrap elementor-element-populated\">\n\t\t\t\t\t\t<div class=\"elementor-element elementor-element-fe0cf34 elementor-widget elementor-widget-heading\" data-id=\"fe0cf34\" data-element_type=\"widget\" data-widget_type=\"heading.default\">\n\t\t\t\t<div class=\"elementor-widget-container\">\n\t\t\t<h3 class=\"elementor-heading-title elementor-size-default\">COMP\u00c9TENCES G\u00c9N\u00c9RALES<\/h3>\t\t<\/div>\n\t\t\t\t<\/div>\n\t\t\t\t<div class=\"elementor-element elementor-element-bab2ce7 elementor-widget elementor-widget-text-editor\" data-id=\"bab2ce7\" data-element_type=\"widget\" data-widget_type=\"text-editor.default\">\n\t\t\t\t<div class=\"elementor-widget-container\">\n\t\t\t\t\t\t\t<h5 class=\"lll6\">Au terme de la LSP, les comp\u00e9tences vis\u00e9es sont:<\/h5><ul class=\"lll7\"><li style=\"list-style-type: none;\"><ul class=\"lll7\">&#8211; Examiner les comportements humains dans les diff\u00e9rents contextes ;<\/ul><\/li><li style=\"list-style-type: none;\"><ul class=\"lll7\">&#8211; Etablir une communication professionnelle appropri\u00e9e \u00e0 l&rsquo;oral et \u00e0 l&rsquo;\u00e9crit dans les contextes li\u00e9s \u00e0 la profession de l\u2019Assistant psychologue ;<\/ul><\/li><li style=\"list-style-type: none;\"><ul class=\"lll7\">&#8211; Construire son identit\u00e9 professionnelle \u00e0 travers les relations avec les pairs ;<\/ul><\/li><li style=\"list-style-type: none;\"><ul class=\"lll7\">&#8211; Inscrire sa pratique dans une attitude critique et responsable;<\/ul><\/li><li style=\"list-style-type: none;\"><ul class=\"lll7\">&#8211; Contextualiser les situations en analysant les demandes provenant de son milieu de travail ;<\/ul><\/li><li style=\"list-style-type: none;\"><ul class=\"lll7\">&#8211; R\u00e9aliser une \u00e9valuation psychologique pour une bonne orientation de la prise en charge ;<\/ul><\/li><li style=\"list-style-type: none;\"><ul class=\"lll7\">&#8211; Collaborer dans la mise en \u0153uvre d\u2019une intervention psychologique ;<\/ul><\/li><li style=\"list-style-type: none;\"><ul class=\"lll7\">&#8211; Selon le champ d\u2019action de l\u2019Assistant psychologue, la comp\u00e9tence 7 se d\u00e9finit selon 6 axes :<\/ul><\/li><li style=\"list-style-type: none;\"><ul class=\"lll7\">&#8211; Entretenir une relation d\u2019aide avec des personnes souffrant de difficult\u00e9s individuelles, familiales, sociales ou institutionnelles ;<\/ul><\/li><li style=\"list-style-type: none;\"><ul class=\"lll7\">&#8211; Entreprendre une action psycho\u00e9ducative ou r\u00e9\u00e9ducative aupr\u00e8s de personnes qui pr\u00e9sentent des difficult\u00e9s d\u2019adaptation psychologique et p\u00e9dagogique ;<\/ul><\/li><li style=\"list-style-type: none;\"><ul class=\"lll7\">&#8211; G\u00e9rer des probl\u00e9matiques psychologiques li\u00e9es au monde du travail, au recrutement, et \u00e0 la gestion des risques psychosociaux ;<\/ul><\/li><li style=\"list-style-type: none;\"><ul class=\"lll7\">&#8211; G\u00e9rer des probl\u00e9matiques psychop\u00e9dagogiques li\u00e9es \u00e0 l\u2019orientation scolaire et professionnelle ;<\/ul><\/li><li style=\"list-style-type: none;\"><ul class=\"lll7\">&#8211; G\u00e9rer des probl\u00e9matiques li\u00e9es aux comportements des consommateurs, \u00e0 la relation client, \u00e0 la satisfaction et \u00e0 la fid\u00e9lisation de la client\u00e8le dans le contexte d\u2019un \u00e9change commercial ;<\/ul><\/li>&#8211; Concevoir des interventions en psychologie du sport et de la performance aupr\u00e8s de sportifs, d\u2019\u00e9quipes, d\u2019entra\u00eeneurs, de staff et les conduire<\/ul><h5 class=\"lll61\">Au terme la Licence en Sciences de l\u2019\u00e9ducation, LSED, les apprenants devront faire preuve des comp\u00e9tences suivantes :<\/h5><ul class=\"lll7\"><li style=\"list-style-type: none;\"><ul class=\"lll7\">&#8211; Appr\u00e9cier correctement le comportement humain en vue d\u2019adapter ses interventions de facilitateur d\u2019apprentissages ;<\/ul><\/li><li style=\"list-style-type: none;\"><ul class=\"lll7\">&#8211; Organiser des actions efficaces d\u2019enseignement ;<\/ul><\/li><li style=\"list-style-type: none;\"><ul class=\"lll7\">&#8211; Analyser l\u2019environnement des actions d\u2019\u00e9ducation et de formation ;<\/ul><\/li><li style=\"list-style-type: none;\"><ul class=\"lll7\">&#8211; Utiliser la langue de documentation\/recherche (anglais) et la langue d\u2019enseignement et de gestion ;<\/ul><\/li><li style=\"list-style-type: none;\"><ul class=\"lll7\">&#8211; Utiliser ad\u00e9quatement les outils de travail (informatique et statistique ;<\/ul><\/li><li style=\"list-style-type: none;\"><ul class=\"lll7\">&#8211; Planifier ad\u00e9quatement la gestion et les actions d\u2019\u00e9ducation et de formation ;<\/ul><\/li><li style=\"list-style-type: none;\"><ul class=\"lll7\">&#8211; Conduire une enqu\u00eate scientifique en \u00e9ducation et formation ;<\/ul><\/li>&#8211; Promouvoir les valeurs \u00e9thiques et la d\u00e9ontologie de l\u2019enseignement\/formation.<\/ul><h5 class=\"lll6\">\u00a0<\/h5>\t\t\t\t\t\t<\/div>\n\t\t\t\t<\/div>\n\t\t\t\t<div class=\"elementor-element elementor-element-79b428db elementor-widget elementor-widget-heading\" data-id=\"79b428db\" data-element_type=\"widget\" data-widget_type=\"heading.default\">\n\t\t\t\t<div class=\"elementor-widget-container\">\n\t\t\t<h3 class=\"elementor-heading-title elementor-size-default\">M\u00c9TIERS CIBLES<\/h3>\t\t<\/div>\n\t\t\t\t<\/div>\n\t\t\t\t<div class=\"elementor-element elementor-element-1e2546f6 elementor-widget elementor-widget-elementskit-accordion\" data-id=\"1e2546f6\" data-element_type=\"widget\" data-widget_type=\"elementskit-accordion.default\">\n\t\t\t\t<div class=\"elementor-widget-container\">\n\t\t\t<div class=\"ekit-wid-con\" >\n        <div class=\"elementskit-accordion accoedion-primary side-curve\" id=\"accordion-69ff2ec043c99\">\n\n            \n                <div class=\"elementskit-card active\">\n                    <div class=\"elementskit-card-header\" id=\"primaryHeading-0-1e2546f6\">\n                        <a href=\"#collapse-5259fc069ff2ec043c99\" class=\"ekit-accordion--toggler elementskit-btn-link collapsed\" data-ekit-toggle=\"collapse\" data-target=\"#Collapse-5259fc069ff2ec043c99\" aria-expanded=\"true\" aria-controls=\"Collapse-5259fc069ff2ec043c99\">\n                            \n                                <span class=\"number\"><\/span>\n\n                            \n                            <span class=\"ekit-accordion-title\">Le dipl\u00f4me de Bachelor en Psychologie et Sciences de l\u2019\u00e9ducation, Mention \u00ab Sciences de l\u2019\u00e9ducation \u00bb ouvre la voie aux m\u00e9tiers tels que :<\/span>\n\n                            \n                                <div class=\"ekit_accordion_icon_group\">\n                                    <div class=\"ekit_accordion_normal_icon\">\n                                        <!-- Normal Icon -->\n\t\t\t\t\t\t\t\t\t\t<i class=\"mdi mdi-plus-circle\"><\/i>                                    <\/div>\n\n                                    <div class=\"ekit_accordion_active_icon\">\n                                        <!-- Active Icon -->\n\t\t\t\t\t\t\t\t\t\t<i class=\"mdi mdi-minus-circle\"><\/i>                                    <\/div>\n                                <\/div>\n\n                            \n                                                    <\/a>\n                    <\/div>\n\n                    <div id=\"Collapse-5259fc069ff2ec043c99\" class=\" show collapse\" aria-labelledby=\"primaryHeading-0-1e2546f6\" data-parent=\"#accordion-69ff2ec043c99\">\n\n                        <div class=\"elementskit-card-body ekit-accordion--content\">\n                            <ul class=\"lll8 aos-init aos-animate\"><li><ul class=\"lll8 aos-init aos-animate\">\u00a0Enseignant\/animateur de formations et Conseiller en mati\u00e8re d\u2019\u00e9ducation et de formation ;<\/ul><\/li><\/ul><ul class=\"lll8 aos-init aos-animate\"><li><ul class=\"lll8 aos-init aos-animate\">Assistant planificateur et manager des formations et des syst\u00e8mes \u00e9ducatifs ;<\/ul><\/li><\/ul><ul class=\"lll8 aos-init aos-animate\"><li><ul class=\"lll8 aos-init aos-animate\">Assistant en mesure et \u00e9valuation en \u00e9ducation ;<\/ul><\/li><\/ul><ul class=\"lll8 aos-init aos-animate\"><li><ul class=\"lll8 aos-init aos-animate\">Assistant en TICE ;<\/ul><\/li><\/ul><ul class=\"lll8 aos-init aos-animate\"><li><ul class=\"lll8 aos-init aos-animate\">Assistant orthop\u00e9dagogue ;<\/ul><\/li><li>\u00a0Assistant andragogue.<\/li><\/ul><p class=\"lll8 aos-init aos-animate\">\u00a0<\/p>                        <\/div>\n\n                    <\/div>\n\n                <\/div><!-- .elementskit-card END -->\n\n                                        <\/div>\n    <\/div>\t\t<\/div>\n\t\t\t\t<\/div>\n\t\t\t\t\t<\/div>\n\t\t<\/div>\n\t\t\t\t<div class=\"elementor-column elementor-col-50 elementor-top-column elementor-element elementor-element-720ea5d9\" data-id=\"720ea5d9\" data-element_type=\"column\">\n\t\t\t<div class=\"elementor-widget-wrap elementor-element-populated\">\n\t\t\t\t\t\t<section class=\"elementor-section elementor-inner-section elementor-element elementor-element-7f9aef88 elementor-section-full_width elementor-section-height-default elementor-section-height-default\" data-id=\"7f9aef88\" data-element_type=\"section\" data-settings=\"{&quot;background_background&quot;:&quot;classic&quot;,&quot;sticky&quot;:&quot;top&quot;,&quot;sticky_offset&quot;:100,&quot;sticky_effects_offset&quot;:100,&quot;sticky_parent&quot;:&quot;yes&quot;,&quot;sticky_on&quot;:[&quot;desktop&quot;,&quot;tablet&quot;,&quot;mobile&quot;]}\">\n\t\t\t\t\t\t<div class=\"elementor-container elementor-column-gap-default\">\n\t\t\t\t\t<div class=\"elementor-column elementor-col-100 elementor-inner-column elementor-element elementor-element-2a022c6f\" data-id=\"2a022c6f\" data-element_type=\"column\">\n\t\t\t<div class=\"elementor-widget-wrap elementor-element-populated\">\n\t\t\t\t\t\t<div class=\"elementor-element elementor-element-17eff7e1 elementor-widget elementor-widget-heading\" data-id=\"17eff7e1\" data-element_type=\"widget\" data-widget_type=\"heading.default\">\n\t\t\t\t<div class=\"elementor-widget-container\">\n\t\t\t<h5 class=\"elementor-heading-title elementor-size-default\">S.A.D<\/h5>\t\t<\/div>\n\t\t\t\t<\/div>\n\t\t\t\t<div class=\"elementor-element elementor-element-c6937d8 elementor-position-left elementor-vertical-align-bottom elementor-widget elementor-widget-image-box\" data-id=\"c6937d8\" data-element_type=\"widget\" data-widget_type=\"image-box.default\">\n\t\t\t\t<div class=\"elementor-widget-container\">\n\t\t\t<div class=\"elementor-image-box-wrapper\"><figure class=\"elementor-image-box-img\"><img fetchpriority=\"high\" decoding=\"async\" width=\"2560\" height=\"2546\" src=\"https:\/\/unilac-mahagi.org\/wp-content\/uploads\/2023\/05\/fac-spa-scaled.jpg\" class=\"attachment-full size-full wp-image-325\" alt=\"\" srcset=\"https:\/\/unilac-mahagi.org\/wp-content\/uploads\/2023\/05\/fac-spa-scaled.jpg 2560w, https:\/\/unilac-mahagi.org\/wp-content\/uploads\/2023\/05\/fac-spa-300x298.jpg 300w, https:\/\/unilac-mahagi.org\/wp-content\/uploads\/2023\/05\/fac-spa-1024x1018.jpg 1024w, https:\/\/unilac-mahagi.org\/wp-content\/uploads\/2023\/05\/fac-spa-150x150.jpg 150w, https:\/\/unilac-mahagi.org\/wp-content\/uploads\/2023\/05\/fac-spa-768x764.jpg 768w, https:\/\/unilac-mahagi.org\/wp-content\/uploads\/2023\/05\/fac-spa-1536x1528.jpg 1536w, https:\/\/unilac-mahagi.org\/wp-content\/uploads\/2023\/05\/fac-spa-2048x2037.jpg 2048w, https:\/\/unilac-mahagi.org\/wp-content\/uploads\/2023\/05\/fac-spa-87x87.jpg 87w, https:\/\/unilac-mahagi.org\/wp-content\/uploads\/2023\/05\/fac-spa-600x597.jpg 600w, https:\/\/unilac-mahagi.org\/wp-content\/uploads\/2023\/05\/fac-spa-100x100.jpg 100w\" sizes=\"(max-width: 2560px) 100vw, 2560px\" \/><\/figure><div class=\"elementor-image-box-content\"><div class=\"elementor-image-box-title\">Ass. UPIO ALUMA<\/div><p class=\"elementor-image-box-description\">Secr\u00e9taire Acad\u00e9mique de Domaine<\/p><\/div><\/div>\t\t<\/div>\n\t\t\t\t<\/div>\n\t\t\t\t<div class=\"elementor-element elementor-element-29c6a618 elementor-widget elementor-widget-heading\" data-id=\"29c6a618\" data-element_type=\"widget\" data-widget_type=\"heading.default\">\n\t\t\t\t<div class=\"elementor-widget-container\">\n\t\t\t<h5 class=\"elementor-heading-title elementor-size-default\">FILI\u00c8RES ORGANIS\u00c9ES 2022-2023<\/h5>\t\t<\/div>\n\t\t\t\t<\/div>\n\t\t\t\t<div class=\"elementor-element elementor-element-3e551063 elementor-icon-list--layout-traditional elementor-list-item-link-full_width elementor-widget elementor-widget-icon-list\" data-id=\"3e551063\" data-element_type=\"widget\" data-widget_type=\"icon-list.default\">\n\t\t\t\t<div class=\"elementor-widget-container\">\n\t\t\t\t\t<ul class=\"elementor-icon-list-items\">\n\t\t\t\t\t\t\t<li class=\"elementor-icon-list-item\">\n\t\t\t\t\t\t\t\t\t\t\t<span class=\"elementor-icon-list-icon\">\n\t\t\t\t\t\t\t<i aria-hidden=\"true\" class=\"mdi mdi-play-box\"><\/i>\t\t\t\t\t\t<\/span>\n\t\t\t\t\t\t\t\t\t\t<span class=\"elementor-icon-list-text\">Licence en agr\u00e9gation de l\u2019Enseignement secondaire<\/span>\n\t\t\t\t\t\t\t\t\t<\/li>\n\t\t\t\t\t\t\t\t<li class=\"elementor-icon-list-item\">\n\t\t\t\t\t\t\t\t\t\t\t<span class=\"elementor-icon-list-icon\">\n\t\t\t\t\t\t\t<i aria-hidden=\"true\" class=\"mdi mdi-play-box\"><\/i>\t\t\t\t\t\t<\/span>\n\t\t\t\t\t\t\t\t\t\t<span class=\"elementor-icon-list-text\">Licence en psychologiques orientations scolaires et professionnelle<\/span>\n\t\t\t\t\t\t\t\t\t<\/li>\n\t\t\t\t\t\t\t\t<li class=\"elementor-icon-list-item\">\n\t\t\t\t\t\t\t\t\t\t\t<span class=\"elementor-icon-list-icon\">\n\t\t\t\t\t\t\t<i aria-hidden=\"true\" class=\"mdi mdi-play-box\"><\/i>\t\t\t\t\t\t<\/span>\n\t\t\t\t\t\t\t\t\t\t<span class=\"elementor-icon-list-text\">Licence en Sciences de l\u2019\u00c9ducation<\/span>\n\t\t\t\t\t\t\t\t\t<\/li>\n\t\t\t\t\t\t\t\t<li class=\"elementor-icon-list-item\">\n\t\t\t\t\t\t\t\t\t\t\t<span class=\"elementor-icon-list-icon\">\n\t\t\t\t\t\t\t<i aria-hidden=\"true\" class=\"mdi mdi-login-variant\"><\/i>\t\t\t\t\t\t<\/span>\n\t\t\t\t\t\t\t\t\t\t<span class=\"elementor-icon-list-text\">Master en Psychologie clinique, psycho scolaire,<\/span>\n\t\t\t\t\t\t\t\t\t<\/li>\n\t\t\t\t\t\t\t\t<li class=\"elementor-icon-list-item\">\n\t\t\t\t\t\t\t\t\t\t\t<span class=\"elementor-icon-list-icon\">\n\t\t\t\t\t\t\t<i aria-hidden=\"true\" class=\"mdi mdi-cellphone-android\"><\/i>\t\t\t\t\t\t<\/span>\n\t\t\t\t\t\t\t\t\t\t<span class=\"elementor-icon-list-text\">Master en Psychologie du travail et des organisations<\/span>\n\t\t\t\t\t\t\t\t\t<\/li>\n\t\t\t\t\t\t\t\t<li class=\"elementor-icon-list-item\">\n\t\t\t\t\t\t\t\t\t\t\t<span class=\"elementor-icon-list-icon\">\n\t\t\t\t\t\t\t<i aria-hidden=\"true\" class=\"mdi mdi-video-wireless\"><\/i>\t\t\t\t\t\t<\/span>\n\t\t\t\t\t\t\t\t\t\t<span class=\"elementor-icon-list-text\">Master en Inspection de l\u2019Enseignement,<\/span>\n\t\t\t\t\t\t\t\t\t<\/li>\n\t\t\t\t\t\t\t\t<li class=\"elementor-icon-list-item\">\n\t\t\t\t\t\t\t\t\t\t\t<span class=\"elementor-icon-list-icon\">\n\t\t\t\t\t\t\t<i aria-hidden=\"true\" class=\"mdi mdi-video-wireless\"><\/i>\t\t\t\t\t\t<\/span>\n\t\t\t\t\t\t\t\t\t\t<span class=\"elementor-icon-list-text\">Master en Mesure et \u00c9valuation en \u00c9ducation,<\/span>\n\t\t\t\t\t\t\t\t\t<\/li>\n\t\t\t\t\t\t\t\t<li class=\"elementor-icon-list-item\">\n\t\t\t\t\t\t\t\t\t\t\t<span class=\"elementor-icon-list-icon\">\n\t\t\t\t\t\t\t<i aria-hidden=\"true\" class=\"mdi mdi-certificate-outline\"><\/i>\t\t\t\t\t\t<\/span>\n\t\t\t\t\t\t\t\t\t\t<span class=\"elementor-icon-list-text\">Master en lanification et Gestion du syst\u00e8me \u00c9ducatif,<\/span>\n\t\t\t\t\t\t\t\t\t<\/li>\n\t\t\t\t\t\t<\/ul>\n\t\t\t\t<\/div>\n\t\t\t\t<\/div>\n\t\t\t\t<div class=\"elementor-element elementor-element-4b124ee elementor-widget elementor-widget-jkit_button\" data-id=\"4b124ee\" data-element_type=\"widget\" data-widget_type=\"jkit_button.default\">\n\t\t\t\t<div class=\"elementor-widget-container\">\n\t\t\t<div  class=\"jeg-elementor-kit jkit-button  icon-position-before jeg_module___69ff2ec04d4a1\" ><a href=\"\" class=\"jkit-button-wrapper\">Programme des Cours<\/a><\/div>\t\t<\/div>\n\t\t\t\t<\/div>\n\t\t\t\t\t<\/div>\n\t\t<\/div>\n\t\t\t\t\t<\/div>\n\t\t<\/section>\n\t\t\t\t\t<\/div>\n\t\t<\/div>\n\t\t\t\t\t<\/div>\n\t\t<\/section>\n\t\t\t\t<section class=\"elementor-section elementor-top-section elementor-element elementor-element-12e99b37 elementor-section-boxed elementor-section-height-default elementor-section-height-default\" data-id=\"12e99b37\" data-element_type=\"section\" data-settings=\"{&quot;background_background&quot;:&quot;classic&quot;}\">\n\t\t\t\t\t\t\t<div class=\"elementor-background-overlay\"><\/div>\n\t\t\t\t\t\t\t<div class=\"elementor-container elementor-column-gap-default\">\n\t\t\t\t\t<div class=\"elementor-column elementor-col-100 elementor-top-column elementor-element elementor-element-35ca8aec elementor-invisible\" data-id=\"35ca8aec\" data-element_type=\"column\" data-settings=\"{&quot;animation&quot;:&quot;fadeInUp&quot;}\">\n\t\t\t<div class=\"elementor-widget-wrap elementor-element-populated\">\n\t\t\t\t\t\t<div class=\"elementor-element elementor-element-6b926b46 elementor-widget__width-initial elementor-widget elementor-widget-heading\" data-id=\"6b926b46\" data-element_type=\"widget\" data-widget_type=\"heading.default\">\n\t\t\t\t<div class=\"elementor-widget-container\">\n\t\t\t<h2 class=\"elementor-heading-title elementor-size-default\">Commencez votre voyage d'apprentissage d\u00e8s aujourd'hui ! Inscrivez-vous d\u00e8s maintenant en ligne.<\/h2>\t\t<\/div>\n\t\t\t\t<\/div>\n\t\t\t\t<div class=\"elementor-element elementor-element-3eb88ce5 elementor-align-center elementor-widget elementor-widget-button\" data-id=\"3eb88ce5\" data-element_type=\"widget\" data-widget_type=\"button.default\">\n\t\t\t\t<div class=\"elementor-widget-container\">\n\t\t\t\t\t\t\t<div class=\"elementor-button-wrapper\">\n\t\t\t\t\t<a class=\"elementor-button elementor-button-link elementor-size-md\" href=\"https:\/\/myunilac.online\/application\" target=\"_blank\" rel=\"noopener\">\n\t\t\t\t\t\t<span class=\"elementor-button-content-wrapper\">\n\t\t\t\t\t\t\t\t\t<span class=\"elementor-button-text\">Inscrivez Vous Maintenant<\/span>\n\t\t\t\t\t<\/span>\n\t\t\t\t\t<\/a>\n\t\t\t\t<\/div>\n\t\t\t\t\t\t<\/div>\n\t\t\t\t<\/div>\n\t\t\t\t\t<\/div>\n\t\t<\/div>\n\t\t\t\t\t<\/div>\n\t\t<\/section>\n\t\t\t\t<\/div>\n\t\t\n    <div class=\"xs_social_share_widget xs_share_url after_content \t\tmain_content  wslu-style-1 wslu-share-box-shaped wslu-fill-colored wslu-none wslu-share-horizontal wslu-theme-font-no wslu-main_content\">\n\n\t\t\n        <ul>\n\t\t\t        <\/ul>\n    <\/div> \n","protected":false},"excerpt":{"rendered":"<p>DOMAINES DESSciences Psychologiques et de l\u2019EducationDOMAINES DESSciences Psychologiques et de l\u2019EducationDOMAINES DESSciences Psychologiques et de l\u2019EducationDOMAINES DESSciences Psychologiques et de l\u2019EducationDOMAINES DESSciences Psychologiques et de l\u2019Education Previous slide Next slide COMP\u00c9TENCES G\u00c9N\u00c9RALES Au terme de la LSP, les comp\u00e9tences vis\u00e9es sont: &#8211; Examiner les comportements humains dans les diff\u00e9rents contextes ; &#8211; Etablir une communication&#8230;<\/p>\n","protected":false},"author":1,"featured_media":0,"parent":539,"menu_order":0,"comment_status":"closed","ping_status":"closed","template":"elementor_header_footer","meta":{"_eb_attr":"","om_disable_all_campaigns":false,"_monsterinsights_skip_tracking":false,"_monsterinsights_sitenote_active":false,"_monsterinsights_sitenote_note":"","_monsterinsights_sitenote_category":0,"footnotes":""},"class_list":["post-1043","page","type-page","status-publish","hentry"],"_links":{"self":[{"href":"https:\/\/unilac-mahagi.org\/index.php?rest_route=\/wp\/v2\/pages\/1043","targetHints":{"allow":["GET"]}}],"collection":[{"href":"https:\/\/unilac-mahagi.org\/index.php?rest_route=\/wp\/v2\/pages"}],"about":[{"href":"https:\/\/unilac-mahagi.org\/index.php?rest_route=\/wp\/v2\/types\/page"}],"author":[{"embeddable":true,"href":"https:\/\/unilac-mahagi.org\/index.php?rest_route=\/wp\/v2\/users\/1"}],"replies":[{"embeddable":true,"href":"https:\/\/unilac-mahagi.org\/index.php?rest_route=%2Fwp%2Fv2%2Fcomments&post=1043"}],"version-history":[{"count":10,"href":"https:\/\/unilac-mahagi.org\/index.php?rest_route=\/wp\/v2\/pages\/1043\/revisions"}],"predecessor-version":[{"id":2593,"href":"https:\/\/unilac-mahagi.org\/index.php?rest_route=\/wp\/v2\/pages\/1043\/revisions\/2593"}],"up":[{"embeddable":true,"href":"https:\/\/unilac-mahagi.org\/index.php?rest_route=\/wp\/v2\/pages\/539"}],"wp:attachment":[{"href":"https:\/\/unilac-mahagi.org\/index.php?rest_route=%2Fwp%2Fv2%2Fmedia&parent=1043"}],"curies":[{"name":"wp","href":"https:\/\/api.w.org\/{rel}","templated":true}]}}