{"id":1042,"date":"2023-05-24T19:00:24","date_gmt":"2023-05-24T17:00:24","guid":{"rendered":"https:\/\/unilac-mahagi.org\/?page_id=1042"},"modified":"2024-06-17T10:34:31","modified_gmt":"2024-06-17T08:34:31","slug":"sciences-de-la-santes-medecine-veterinaire","status":"publish","type":"page","link":"https:\/\/unilac-mahagi.org\/?page_id=1042","title":{"rendered":"Sciences de la Sant\u00e9s, M\u00e9decine V\u00e9t\u00e9rinaire"},"content":{"rendered":"\t\t<div data-elementor-type=\"wp-page\" data-elementor-id=\"1042\" class=\"elementor elementor-1042\" data-elementor-post-type=\"page\">\n\t\t\t\t\t\t<section class=\"elementor-section elementor-top-section elementor-element elementor-element-a91fde2 elementor-section-boxed elementor-section-height-default elementor-section-height-default\" data-id=\"a91fde2\" data-element_type=\"section\">\n\t\t\t\t\t\t<div class=\"elementor-container elementor-column-gap-default\">\n\t\t\t\t\t<div class=\"elementor-column elementor-col-100 elementor-top-column elementor-element elementor-element-431d3a4\" data-id=\"431d3a4\" data-element_type=\"column\">\n\t\t\t<div class=\"elementor-widget-wrap elementor-element-populated\">\n\t\t\t\t\t\t<div class=\"elementor-element elementor-element-d3354ff elementor--h-position-center elementor--v-position-middle elementor-arrows-position-inside elementor-pagination-position-inside elementor-widget elementor-widget-slides\" data-id=\"d3354ff\" data-element_type=\"widget\" data-settings=\"{&quot;navigation&quot;:&quot;both&quot;,&quot;autoplay&quot;:&quot;yes&quot;,&quot;pause_on_hover&quot;:&quot;yes&quot;,&quot;pause_on_interaction&quot;:&quot;yes&quot;,&quot;autoplay_speed&quot;:5000,&quot;infinite&quot;:&quot;yes&quot;,&quot;transition&quot;:&quot;slide&quot;,&quot;transition_speed&quot;:500}\" data-widget_type=\"slides.default\">\n\t\t\t\t<div class=\"elementor-widget-container\">\n\t\t\t\t\t<div class=\"elementor-swiper\">\n\t\t\t<div class=\"elementor-slides-wrapper elementor-main-swiper swiper\" dir=\"ltr\" data-animation=\"fadeInUp\">\n\t\t\t\t<div class=\"swiper-wrapper elementor-slides\">\n\t\t\t\t\t\t\t\t\t\t<div class=\"elementor-repeater-item-10675df swiper-slide\"><div class=\"swiper-slide-bg elementor-ken-burns elementor-ken-burns--in\" role=\"img\"><\/div><div class=\"elementor-background-overlay\"><\/div><div class=\"swiper-slide-inner\" ><div class=\"swiper-slide-contents\"><div class=\"elementor-slide-heading\">DOMAINES DES<\/div><div class=\"elementor-slide-description\">Sciences de la Sant\u00e9s, M\u00e9decine V\u00e9t\u00e9rinaire<\/div><\/div><\/div><\/div><div class=\"elementor-repeater-item-271db1c swiper-slide\"><div class=\"swiper-slide-bg elementor-ken-burns elementor-ken-burns--in\" role=\"img\"><\/div><div class=\"elementor-background-overlay\"><\/div><div class=\"swiper-slide-inner\" ><div class=\"swiper-slide-contents\"><div class=\"elementor-slide-heading\">DOMAINES DES<\/div><div class=\"elementor-slide-description\">Sciences de la Sant\u00e9s, M\u00e9decine V\u00e9t\u00e9rinaire<\/div><\/div><\/div><\/div><div class=\"elementor-repeater-item-33df24d swiper-slide\"><div class=\"swiper-slide-bg elementor-ken-burns elementor-ken-burns--in\" role=\"img\"><\/div><div class=\"elementor-background-overlay\"><\/div><div class=\"swiper-slide-inner\" ><div class=\"swiper-slide-contents\"><div class=\"elementor-slide-heading\">DOMAINES DES<\/div><div class=\"elementor-slide-description\">Sciences de la Sant\u00e9s, M\u00e9decine V\u00e9t\u00e9rinaire<\/div><\/div><\/div><\/div>\t\t\t\t<\/div>\n\t\t\t\t\t\t\t\t\t\t\t\t\t\t\t<div class=\"swiper-pagination\"><\/div>\n\t\t\t\t\t\t\t\t\t\t\t\t\t\t\t\t<div class=\"elementor-swiper-button elementor-swiper-button-prev\" role=\"button\" tabindex=\"0\">\n\t\t\t\t\t\t\t<i aria-hidden=\"true\" class=\"eicon-chevron-left\"><\/i>\t\t\t\t\t\t\t<span class=\"elementor-screen-only\">Previous slide<\/span>\n\t\t\t\t\t\t<\/div>\n\t\t\t\t\t\t<div class=\"elementor-swiper-button elementor-swiper-button-next\" role=\"button\" tabindex=\"0\">\n\t\t\t\t\t\t\t<i aria-hidden=\"true\" class=\"eicon-chevron-right\"><\/i>\t\t\t\t\t\t\t<span class=\"elementor-screen-only\">Next slide<\/span>\n\t\t\t\t\t\t<\/div>\n\t\t\t\t\t\t\t\t\t\t\t\t<\/div>\n\t\t<\/div>\n\t\t\t\t<\/div>\n\t\t\t\t<\/div>\n\t\t\t\t\t<\/div>\n\t\t<\/div>\n\t\t\t\t\t<\/div>\n\t\t<\/section>\n\t\t\t\t<section class=\"elementor-section elementor-top-section elementor-element elementor-element-3cbb83de elementor-section-boxed elementor-section-height-default elementor-section-height-default\" data-id=\"3cbb83de\" data-element_type=\"section\">\n\t\t\t\t\t\t<div class=\"elementor-container elementor-column-gap-default\">\n\t\t\t\t\t<div class=\"elementor-column elementor-col-50 elementor-top-column elementor-element elementor-element-5a3422b9\" data-id=\"5a3422b9\" data-element_type=\"column\">\n\t\t\t<div class=\"elementor-widget-wrap elementor-element-populated\">\n\t\t\t\t\t\t<div class=\"elementor-element elementor-element-fe0cf34 elementor-widget elementor-widget-heading\" data-id=\"fe0cf34\" data-element_type=\"widget\" data-widget_type=\"heading.default\">\n\t\t\t\t<div class=\"elementor-widget-container\">\n\t\t\t<h3 class=\"elementor-heading-title elementor-size-default\">COMP\u00c9TENCES G\u00c9N\u00c9RALES<\/h3>\t\t<\/div>\n\t\t\t\t<\/div>\n\t\t\t\t<div class=\"elementor-element elementor-element-bab2ce7 elementor-widget elementor-widget-text-editor\" data-id=\"bab2ce7\" data-element_type=\"widget\" data-widget_type=\"text-editor.default\">\n\t\t\t\t<div class=\"elementor-widget-container\">\n\t\t\t\t\t\t\t<ul class=\"lll7\"><li style=\"list-style-type: none;\"><ul class=\"lll7\">Communiquer l\u2019information sur la production et sant\u00e9 animale dans l\u2019exploitation animale et structures ;<\/ul><\/li><\/ul><ul class=\"lll7\"><li style=\"list-style-type: none;\"><ul class=\"lll7\">Ex\u00e9cuter dans une approche int\u00e9gr\u00e9e les op\u00e9rations de production animale;<\/ul><\/li><\/ul><ul class=\"lll7\"><li style=\"list-style-type: none;\"><ul class=\"lll7\">Poser les actes des soins de sant\u00e9 primaire v\u00e9t\u00e9rinaire ;<\/ul><\/li><\/ul><ul class=\"lll7\"><li style=\"list-style-type: none;\"><ul class=\"lll7\">Entreprendre des activit\u00e9s g\u00e9n\u00e9ratrices des revenus dans le domaine de la production et sant\u00e9 animale ;<\/ul><\/li><\/ul><ul class=\"lll7\"><li style=\"list-style-type: none;\"><ul class=\"lll7\">Effectuer des analyses et des essaies dans le laboratoire d\u2019analyse, de recherche et d\u00e9veloppement et de contr\u00f4le de la qualit\u00e9 ;<\/ul><\/li><\/ul><ul class=\"lll7\"><li style=\"list-style-type: none;\"><ul class=\"lll7\">Mettre en place des mesures de bien-\u00eatre animal dans l\u2019utilisation et l\u2019exploitation des animaux ;<\/ul><\/li><\/ul><ul class=\"lll7\"><li style=\"list-style-type: none\"><ul class=\"lll7\">\u00a0<\/ul><\/li><\/ul><ul class=\"lll7\">D\u00e9velopper l\u2019utilisation de syst\u00e8mes informatique de base en production et sant\u00e9 animale.<\/ul><h5 class=\"lll6\">\u00a0<\/h5>\t\t\t\t\t\t<\/div>\n\t\t\t\t<\/div>\n\t\t\t\t<div class=\"elementor-element elementor-element-79b428db elementor-widget elementor-widget-heading\" data-id=\"79b428db\" data-element_type=\"widget\" data-widget_type=\"heading.default\">\n\t\t\t\t<div class=\"elementor-widget-container\">\n\t\t\t<h3 class=\"elementor-heading-title elementor-size-default\">M\u00c9TIERS CIBLES<\/h3>\t\t<\/div>\n\t\t\t\t<\/div>\n\t\t\t\t<div class=\"elementor-element elementor-element-1e2546f6 elementor-widget elementor-widget-elementskit-accordion\" data-id=\"1e2546f6\" data-element_type=\"widget\" data-widget_type=\"elementskit-accordion.default\">\n\t\t\t\t<div class=\"elementor-widget-container\">\n\t\t\t<div class=\"ekit-wid-con\" >\n        <div class=\"elementskit-accordion accoedion-primary side-curve\" id=\"accordion-69ff30a112e3e\">\n\n            \n                <div class=\"elementskit-card active\">\n                    <div class=\"elementskit-card-header\" id=\"primaryHeading-0-1e2546f6\">\n                        <a href=\"#collapse-5259fc069ff30a112e3e\" class=\"ekit-accordion--toggler elementskit-btn-link collapsed\" data-ekit-toggle=\"collapse\" data-target=\"#Collapse-5259fc069ff30a112e3e\" aria-expanded=\"true\" aria-controls=\"Collapse-5259fc069ff30a112e3e\">\n                            \n                                <span class=\"number\"><\/span>\n\n                            \n                            <span class=\"ekit-accordion-title\">Le dipl\u00f4me en production et sant\u00e9 animale ouvre la voie au m\u00e9tier de v\u00e9t\u00e9rinaire assistant<\/span>\n\n                            \n                                <div class=\"ekit_accordion_icon_group\">\n                                    <div class=\"ekit_accordion_normal_icon\">\n                                        <!-- Normal Icon -->\n\t\t\t\t\t\t\t\t\t\t<i class=\"mdi mdi-plus-circle\"><\/i>                                    <\/div>\n\n                                    <div class=\"ekit_accordion_active_icon\">\n                                        <!-- Active Icon -->\n\t\t\t\t\t\t\t\t\t\t<i class=\"mdi mdi-minus-circle\"><\/i>                                    <\/div>\n                                <\/div>\n\n                            \n                                                    <\/a>\n                    <\/div>\n\n                    <div id=\"Collapse-5259fc069ff30a112e3e\" class=\" show collapse\" aria-labelledby=\"primaryHeading-0-1e2546f6\" data-parent=\"#accordion-69ff30a112e3e\">\n\n                        <div class=\"elementskit-card-body ekit-accordion--content\">\n                                                    <\/div>\n\n                    <\/div>\n\n                <\/div><!-- .elementskit-card END -->\n\n                                        <\/div>\n    <\/div>\t\t<\/div>\n\t\t\t\t<\/div>\n\t\t\t\t\t<\/div>\n\t\t<\/div>\n\t\t\t\t<div class=\"elementor-column elementor-col-50 elementor-top-column elementor-element elementor-element-720ea5d9\" data-id=\"720ea5d9\" data-element_type=\"column\">\n\t\t\t<div class=\"elementor-widget-wrap elementor-element-populated\">\n\t\t\t\t\t\t<section class=\"elementor-section elementor-inner-section elementor-element elementor-element-7f9aef88 elementor-section-full_width elementor-section-height-default elementor-section-height-default\" data-id=\"7f9aef88\" data-element_type=\"section\" data-settings=\"{&quot;background_background&quot;:&quot;classic&quot;,&quot;sticky&quot;:&quot;top&quot;,&quot;sticky_offset&quot;:100,&quot;sticky_effects_offset&quot;:100,&quot;sticky_parent&quot;:&quot;yes&quot;,&quot;sticky_on&quot;:[&quot;desktop&quot;,&quot;tablet&quot;,&quot;mobile&quot;]}\">\n\t\t\t\t\t\t<div class=\"elementor-container elementor-column-gap-default\">\n\t\t\t\t\t<div class=\"elementor-column elementor-col-100 elementor-inner-column elementor-element elementor-element-2a022c6f\" data-id=\"2a022c6f\" data-element_type=\"column\">\n\t\t\t<div class=\"elementor-widget-wrap elementor-element-populated\">\n\t\t\t\t\t\t<div class=\"elementor-element elementor-element-17eff7e1 elementor-widget elementor-widget-heading\" data-id=\"17eff7e1\" data-element_type=\"widget\" data-widget_type=\"heading.default\">\n\t\t\t\t<div class=\"elementor-widget-container\">\n\t\t\t<h5 class=\"elementor-heading-title elementor-size-default\">S.A.D<\/h5>\t\t<\/div>\n\t\t\t\t<\/div>\n\t\t\t\t<div class=\"elementor-element elementor-element-c6937d8 elementor-position-left elementor-vertical-align-bottom elementor-widget elementor-widget-image-box\" data-id=\"c6937d8\" data-element_type=\"widget\" data-widget_type=\"image-box.default\">\n\t\t\t\t<div class=\"elementor-widget-container\">\n\t\t\t<div class=\"elementor-image-box-wrapper\"><figure class=\"elementor-image-box-img\"><img fetchpriority=\"high\" decoding=\"async\" width=\"1500\" height=\"1892\" src=\"https:\/\/unilac-mahagi.org\/wp-content\/uploads\/2023\/05\/fac-agro.jpg\" class=\"attachment-full size-full wp-image-352\" alt=\"\" srcset=\"https:\/\/unilac-mahagi.org\/wp-content\/uploads\/2023\/05\/fac-agro.jpg 1500w, https:\/\/unilac-mahagi.org\/wp-content\/uploads\/2023\/05\/fac-agro-238x300.jpg 238w, https:\/\/unilac-mahagi.org\/wp-content\/uploads\/2023\/05\/fac-agro-812x1024.jpg 812w, https:\/\/unilac-mahagi.org\/wp-content\/uploads\/2023\/05\/fac-agro-768x969.jpg 768w, https:\/\/unilac-mahagi.org\/wp-content\/uploads\/2023\/05\/fac-agro-1218x1536.jpg 1218w, https:\/\/unilac-mahagi.org\/wp-content\/uploads\/2023\/05\/fac-agro-600x757.jpg 600w\" sizes=\"(max-width: 1500px) 100vw, 1500px\" \/><\/figure><div class=\"elementor-image-box-content\"><div class=\"elementor-image-box-title\">Ass. Ir. Fran\u00e7ois-Xavier RWOTHNG'A KIDIKPA<\/div><p class=\"elementor-image-box-description\">Secr\u00e9taire Acad\u00e9mique de Domaine<\/p><\/div><\/div>\t\t<\/div>\n\t\t\t\t<\/div>\n\t\t\t\t<div class=\"elementor-element elementor-element-29c6a618 elementor-widget elementor-widget-heading\" data-id=\"29c6a618\" data-element_type=\"widget\" data-widget_type=\"heading.default\">\n\t\t\t\t<div class=\"elementor-widget-container\">\n\t\t\t<h5 class=\"elementor-heading-title elementor-size-default\">FILI\u00c8RES ORGANIS\u00c9ES 2022-2023<\/h5>\t\t<\/div>\n\t\t\t\t<\/div>\n\t\t\t\t<div class=\"elementor-element elementor-element-3e551063 elementor-icon-list--layout-traditional elementor-list-item-link-full_width elementor-widget elementor-widget-icon-list\" data-id=\"3e551063\" data-element_type=\"widget\" data-widget_type=\"icon-list.default\">\n\t\t\t\t<div class=\"elementor-widget-container\">\n\t\t\t\t\t<ul class=\"elementor-icon-list-items\">\n\t\t\t\t\t\t\t<li class=\"elementor-icon-list-item\">\n\t\t\t\t\t\t\t\t\t\t\t<span class=\"elementor-icon-list-icon\">\n\t\t\t\t\t\t\t<i aria-hidden=\"true\" class=\"mdi mdi-play-box\"><\/i>\t\t\t\t\t\t<\/span>\n\t\t\t\t\t\t\t\t\t\t<span class=\"elementor-icon-list-text\">Licence en Production et sant\u00e9 animale<\/span>\n\t\t\t\t\t\t\t\t\t<\/li>\n\t\t\t\t\t\t\t\t<li class=\"elementor-icon-list-item\">\n\t\t\t\t\t\t\t\t\t\t\t<span class=\"elementor-icon-list-icon\">\n\t\t\t\t\t\t\t<i aria-hidden=\"true\" class=\"mdi mdi-login-variant\"><\/i>\t\t\t\t\t\t<\/span>\n\t\t\t\t\t\t\t\t\t\t<span class=\"elementor-icon-list-text\"> Master M\u00e9decine V\u00e9t\u00e9rinaire<\/span>\n\t\t\t\t\t\t\t\t\t<\/li>\n\t\t\t\t\t\t<\/ul>\n\t\t\t\t<\/div>\n\t\t\t\t<\/div>\n\t\t\t\t<div class=\"elementor-element elementor-element-4b124ee elementor-widget elementor-widget-jkit_button\" data-id=\"4b124ee\" data-element_type=\"widget\" data-widget_type=\"jkit_button.default\">\n\t\t\t\t<div class=\"elementor-widget-container\">\n\t\t\t<div  class=\"jeg-elementor-kit jkit-button  icon-position-before jeg_module___69ff30a117815\" ><a href=\"\" class=\"jkit-button-wrapper\">Programme des Cours<\/a><\/div>\t\t<\/div>\n\t\t\t\t<\/div>\n\t\t\t\t\t<\/div>\n\t\t<\/div>\n\t\t\t\t\t<\/div>\n\t\t<\/section>\n\t\t\t\t\t<\/div>\n\t\t<\/div>\n\t\t\t\t\t<\/div>\n\t\t<\/section>\n\t\t\t\t<section class=\"elementor-section elementor-top-section elementor-element elementor-element-12e99b37 elementor-section-boxed elementor-section-height-default elementor-section-height-default\" data-id=\"12e99b37\" data-element_type=\"section\" data-settings=\"{&quot;background_background&quot;:&quot;classic&quot;}\">\n\t\t\t\t\t\t\t<div class=\"elementor-background-overlay\"><\/div>\n\t\t\t\t\t\t\t<div class=\"elementor-container elementor-column-gap-default\">\n\t\t\t\t\t<div class=\"elementor-column elementor-col-100 elementor-top-column elementor-element elementor-element-35ca8aec elementor-invisible\" data-id=\"35ca8aec\" data-element_type=\"column\" data-settings=\"{&quot;animation&quot;:&quot;fadeInUp&quot;}\">\n\t\t\t<div class=\"elementor-widget-wrap elementor-element-populated\">\n\t\t\t\t\t\t<div class=\"elementor-element elementor-element-6b926b46 elementor-widget__width-initial elementor-widget elementor-widget-heading\" data-id=\"6b926b46\" data-element_type=\"widget\" data-widget_type=\"heading.default\">\n\t\t\t\t<div class=\"elementor-widget-container\">\n\t\t\t<h2 class=\"elementor-heading-title elementor-size-default\">Commencez votre voyage d'apprentissage d\u00e8s aujourd'hui ! Inscrivez-vous d\u00e8s maintenant en ligne.<\/h2>\t\t<\/div>\n\t\t\t\t<\/div>\n\t\t\t\t<div class=\"elementor-element elementor-element-3eb88ce5 elementor-align-center elementor-widget elementor-widget-button\" data-id=\"3eb88ce5\" data-element_type=\"widget\" data-widget_type=\"button.default\">\n\t\t\t\t<div class=\"elementor-widget-container\">\n\t\t\t\t\t\t\t<div class=\"elementor-button-wrapper\">\n\t\t\t\t\t<a class=\"elementor-button elementor-button-link elementor-size-md\" href=\"https:\/\/myunilac.online\/application\" target=\"_blank\" rel=\"noopener\">\n\t\t\t\t\t\t<span class=\"elementor-button-content-wrapper\">\n\t\t\t\t\t\t\t\t\t<span class=\"elementor-button-text\">Inscrivez Vous Maintenant<\/span>\n\t\t\t\t\t<\/span>\n\t\t\t\t\t<\/a>\n\t\t\t\t<\/div>\n\t\t\t\t\t\t<\/div>\n\t\t\t\t<\/div>\n\t\t\t\t\t<\/div>\n\t\t<\/div>\n\t\t\t\t\t<\/div>\n\t\t<\/section>\n\t\t\t\t<\/div>\n\t\t\n    <div class=\"xs_social_share_widget xs_share_url after_content \t\tmain_content  wslu-style-1 wslu-share-box-shaped wslu-fill-colored wslu-none wslu-share-horizontal wslu-theme-font-no wslu-main_content\">\n\n\t\t\n        <ul>\n\t\t\t        <\/ul>\n    <\/div> \n","protected":false},"excerpt":{"rendered":"<p>DOMAINES DESSciences de la Sant\u00e9s, M\u00e9decine V\u00e9t\u00e9rinaireDOMAINES DESSciences de la Sant\u00e9s, M\u00e9decine V\u00e9t\u00e9rinaireDOMAINES DESSciences de la Sant\u00e9s, M\u00e9decine V\u00e9t\u00e9rinaire Previous slide Next slide COMP\u00c9TENCES G\u00c9N\u00c9RALES Communiquer l\u2019information sur la production et sant\u00e9 animale dans l\u2019exploitation animale et structures ; Ex\u00e9cuter dans une approche int\u00e9gr\u00e9e les op\u00e9rations de production animale; Poser les actes des soins de&#8230;<\/p>\n","protected":false},"author":1,"featured_media":0,"parent":539,"menu_order":0,"comment_status":"closed","ping_status":"closed","template":"elementor_header_footer","meta":{"_eb_attr":"","om_disable_all_campaigns":false,"_monsterinsights_skip_tracking":false,"_monsterinsights_sitenote_active":false,"_monsterinsights_sitenote_note":"","_monsterinsights_sitenote_category":0,"footnotes":""},"class_list":["post-1042","page","type-page","status-publish","hentry"],"_links":{"self":[{"href":"https:\/\/unilac-mahagi.org\/index.php?rest_route=\/wp\/v2\/pages\/1042","targetHints":{"allow":["GET"]}}],"collection":[{"href":"https:\/\/unilac-mahagi.org\/index.php?rest_route=\/wp\/v2\/pages"}],"about":[{"href":"https:\/\/unilac-mahagi.org\/index.php?rest_route=\/wp\/v2\/types\/page"}],"author":[{"embeddable":true,"href":"https:\/\/unilac-mahagi.org\/index.php?rest_route=\/wp\/v2\/users\/1"}],"replies":[{"embeddable":true,"href":"https:\/\/unilac-mahagi.org\/index.php?rest_route=%2Fwp%2Fv2%2Fcomments&post=1042"}],"version-history":[{"count":10,"href":"https:\/\/unilac-mahagi.org\/index.php?rest_route=\/wp\/v2\/pages\/1042\/revisions"}],"predecessor-version":[{"id":2586,"href":"https:\/\/unilac-mahagi.org\/index.php?rest_route=\/wp\/v2\/pages\/1042\/revisions\/2586"}],"up":[{"embeddable":true,"href":"https:\/\/unilac-mahagi.org\/index.php?rest_route=\/wp\/v2\/pages\/539"}],"wp:attachment":[{"href":"https:\/\/unilac-mahagi.org\/index.php?rest_route=%2Fwp%2Fv2%2Fmedia&parent=1042"}],"curies":[{"name":"wp","href":"https:\/\/api.w.org\/{rel}","templated":true}]}}